{"id":1851,"date":"2022-09-27T14:36:03","date_gmt":"2022-09-27T12:36:03","guid":{"rendered":"https:\/\/hervebaume.peexprod.com\/reportages\/bvlgari-hotel-london"},"modified":"2025-05-23T17:38:00","modified_gmt":"2025-05-23T15:38:00","slug":"bvlgari-hotel-london","status":"publish","type":"page","link":"https:\/\/www.herve-baume.com\/en\/reportages\/bvlgari-hotel-london","title":{"rendered":"Bvlgari Hotel London"},"content":{"rendered":"<div class=\"wpb-content-wrapper\"><p>[vc_row full_width=\"stretch_row_content\" bg_type=\"image\" parallax_style=\"vcpb-vz-jquery\" bg_image_new=\"id^929|url^https:\/\/herve-baume.com\/img\/2022\/12\/HerveBaume-Bulgari_Londres-Hotel.jpg|caption^null|alt^null|title^HerveBaume-Bulgari_Londres-Hotel|description^null\" bg_image_repeat=\"no-repeat\"][vc_column]<div class=\"ult-spacer spacer-6a048516a1ece\" data-id=\"6a048516a1ece\" data-height=\"510\" data-height-mobile=\"510\" data-height-tab=\"510\" data-height-tab-portrait=\"\" data-height-mobile-landscape=\"\" style=\"clear:both;display:block;\"><\/div>[\/vc_column][\/vc_row][vc_row css_animation=\"fadeIn\"][vc_column]<div class=\"ult-spacer spacer-6a048516a1f83\" data-id=\"6a048516a1f83\" data-height=\"50\" data-height-mobile=\"50\" data-height-tab=\"50\" data-height-tab-portrait=\"\" data-height-mobile-landscape=\"\" style=\"clear:both;display:block;\"><\/div>[vc_custom_heading text=\"Bvlgari Hotel London\" font_container=\"tag:h1|font_size:50px|text_align:center|line_height:60px\" use_theme_fonts=\"yes\"][vc_column_text]<\/p>\n<p style=\"text-align: center;\">Une mise en sc\u00e8ne plus urbaine pour notre mobilier dans le projet londonien des h\u00f4tels Bvlgari. Une touche british m\u00eal\u00e9 \u00e0 l\u2019art de vivre \u00e0 la fran\u00e7aise.<\/p>\n<p>[\/vc_column_text]<div class=\"ult-spacer spacer-6a048516a1fe3\" data-id=\"6a048516a1fe3\" data-height=\"90\" data-height-mobile=\"45\" data-height-tab=\"\" data-height-tab-portrait=\"\" data-height-mobile-landscape=\"45\" style=\"clear:both;display:block;\"><\/div>[\/vc_column][\/vc_row][vc_row full_width=\"stretch_row\" equal_height=\"yes\" content_placement=\"middle\" css_animation=\"fadeIn\"][vc_column width=\"1\/2\" css=\".vc_custom_1665137963795{padding-right: 0px !important;padding-left: 0px !important;}\"]<div class=\"ult-spacer spacer-6a048516a203c\" data-id=\"6a048516a203c\" data-height=\"90\" data-height-mobile=\"0\" data-height-tab=\"\" data-height-tab-portrait=\"\" data-height-mobile-landscape=\"0\" style=\"clear:both;display:block;\"><\/div>[vc_row_inner][vc_column_inner width=\"1\/6\"][\/vc_column_inner][vc_column_inner el_class=\"h590\" width=\"2\/3\" css=\".vc_custom_1670250294396{background-image: url(https:\/\/herve-baume.com\/img\/2022\/12\/Herve-Baume-hotel-london-bulgari-fer-forge-chaise.jpg?id=1090) !important;background-position: center !important;background-repeat: no-repeat !important;background-size: cover !important;}\"][\/vc_column_inner][vc_column_inner width=\"1\/6\"][\/vc_column_inner][\/vc_row_inner][\/vc_column][vc_column width=\"1\/2\"]<div class=\"ult-spacer spacer-6a048516a20b6\" data-id=\"6a048516a20b6\" data-height=\"0\" data-height-mobile=\"30\" data-height-tab=\"\" data-height-tab-portrait=\"\" data-height-mobile-landscape=\"30\" style=\"clear:both;display:block;\"><\/div>[vc_row_inner][vc_column_inner width=\"1\/6\"][\/vc_column_inner][vc_column_inner el_class=\"h590\" width=\"2\/3\" css=\".vc_custom_1670250303511{background-image: url(https:\/\/herve-baume.com\/img\/2022\/12\/Herve-Baume-hotel-london-bulgari-night-detente.jpg?id=1092) !important;background-position: center !important;background-repeat: no-repeat !important;background-size: cover !important;}\"][\/vc_column_inner][vc_column_inner width=\"1\/6\"][\/vc_column_inner][\/vc_row_inner]<div class=\"ult-spacer spacer-6a048516a2106\" data-id=\"6a048516a2106\" data-height=\"130\" data-height-mobile=\"0\" data-height-tab=\"\" data-height-tab-portrait=\"\" data-height-mobile-landscape=\"0\" style=\"clear:both;display:block;\"><\/div>[\/vc_column][\/vc_row][vc_row full_width=\"stretch_row\" equal_height=\"yes\" content_placement=\"middle\" css_animation=\"fadeIn\"][vc_column width=\"1\/2\" css=\".vc_custom_1665137963795{padding-right: 0px !important;padding-left: 0px !important;}\"]<div class=\"ult-spacer spacer-6a048516a215a\" data-id=\"6a048516a215a\" data-height=\"150\" data-height-mobile=\"30\" data-height-tab=\"\" data-height-tab-portrait=\"\" data-height-mobile-landscape=\"30\" style=\"clear:both;display:block;\"><\/div>[vc_row_inner][vc_column_inner width=\"1\/6\"][\/vc_column_inner][vc_column_inner el_class=\"h590\" width=\"2\/3\" css=\".vc_custom_1670250314254{background-image: url(https:\/\/herve-baume.com\/img\/2022\/12\/Herve-Baume-hotel-london-bulgari-chaise.jpg?id=1094) !important;background-position: center !important;background-repeat: no-repeat !important;background-size: cover !important;}\"][\/vc_column_inner][vc_column_inner width=\"1\/6\"][\/vc_column_inner][\/vc_row_inner][\/vc_column][vc_column width=\"1\/2\"]<div class=\"ult-spacer spacer-6a048516a21a9\" data-id=\"6a048516a21a9\" data-height=\"0\" data-height-mobile=\"30\" data-height-tab=\"\" data-height-tab-portrait=\"\" data-height-mobile-landscape=\"30\" style=\"clear:both;display:block;\"><\/div>[vc_row_inner][vc_column_inner width=\"1\/6\"][\/vc_column_inner][vc_column_inner el_class=\"h590\" width=\"2\/3\" css=\".vc_custom_1670250326800{background-image: url(https:\/\/herve-baume.com\/img\/2022\/12\/Herve-Baume-hotel-london-bulgari-terrace-1.jpg?id=1096) !important;background-position: center !important;background-repeat: no-repeat !important;background-size: cover !important;}\"][\/vc_column_inner][vc_column_inner width=\"1\/6\"][\/vc_column_inner][\/vc_row_inner]<div class=\"ult-spacer spacer-6a048516a21ee\" data-id=\"6a048516a21ee\" data-height=\"90\" data-height-mobile=\"30\" data-height-tab=\"\" data-height-tab-portrait=\"\" data-height-mobile-landscape=\"30\" style=\"clear:both;display:block;\"><\/div>[\/vc_column][\/vc_row][vc_row full_width=\"stretch_row_content_no_spaces\" css_animation=\"fadeIn\"][vc_column]<div class=\"ult-spacer spacer-6a048516a2237\" data-id=\"6a048516a2237\" data-height=\"180\" data-height-mobile=\"0\" data-height-tab=\"\" data-height-tab-portrait=\"\" data-height-mobile-landscape=\"0\" style=\"clear:both;display:block;\"><\/div>[vc_single_image image=\"1099\" img_size=\"full\" alignment=\"center\" el_class=\"full-width\"]<div class=\"ult-spacer spacer-6a048516a2278\" data-id=\"6a048516a2278\" data-height=\"90\" data-height-mobile=\"0\" data-height-tab=\"\" data-height-tab-portrait=\"\" data-height-mobile-landscape=\"0\" style=\"clear:both;display:block;\"><\/div>[\/vc_column][\/vc_row][vc_row][vc_column]<div class=\"ult-spacer spacer-6a048516a22b9\" data-id=\"6a048516a22b9\" data-height=\"90\" data-height-mobile=\"45\" data-height-tab=\"\" data-height-tab-portrait=\"\" data-height-mobile-landscape=\"45\" style=\"clear:both;display:block;\"><\/div>[vc_separator color=\"black\"]<div class=\"ult-spacer spacer-6a048516a22f8\" data-id=\"6a048516a22f8\" data-height=\"90\" data-height-mobile=\"45\" data-height-tab=\"\" data-height-tab-portrait=\"\" data-height-mobile-landscape=\"45\" style=\"clear:both;display:block;\"><\/div>[\/vc_column][\/vc_row][vc_row equal_height=\"yes\"][vc_column width=\"1\/2\" offset=\"vc_hidden-sm vc_hidden-xs\"][vc_custom_heading text=\"\u2190 Previous\" font_container=\"tag:div|font_size:14px|text_align:center|line_height:17px\" use_theme_fonts=\"yes\" link=\"url:https%3A%2F%2Fherve-baume.com%2Fen%2Freportages%2Ffontvieille|title:D%C3%AEner%20%C3%A0%20l%E2%80%99h%C3%B4tel|\"]<div class=\"ult-spacer spacer-6a048516a2334\" data-id=\"6a048516a2334\" data-height=\"50\" data-height-mobile=\"50\" data-height-tab=\"50\" data-height-tab-portrait=\"\" data-height-mobile-landscape=\"\" style=\"clear:both;display:block;\"><\/div>[vc_row_inner][vc_column_inner width=\"1\/6\"][\/vc_column_inner][vc_column_inner el_class=\"h590\" width=\"2\/3\" css=\".vc_custom_1671183576946{background-image: url(https:\/\/herve-baume.com\/img\/2022\/12\/Herve-Baume-Projet-Fontvieille-1.jpg?id=1689) !important;background-position: center !important;background-repeat: no-repeat !important;background-size: cover !important;}\"][vc_custom_heading text=\"Fontvieille\" font_container=\"tag:h3|font_size:50px|text_align:center|color:%23ffffff|line_height:60px\" use_theme_fonts=\"yes\" link=\"url:https%3A%2F%2Fherve-baume.com%2Fen%2Freportages%2Ffontvieille|title:D%C3%AEner%20%C3%A0%20l%E2%80%99h%C3%B4tel|\"][\/vc_column_inner][vc_column_inner width=\"1\/6\"][\/vc_column_inner][\/vc_row_inner][\/vc_column][vc_column width=\"1\/2\" offset=\"vc_hidden-sm vc_hidden-xs\"][vc_custom_heading text=\"Next \u2192\" font_container=\"tag:div|font_size:14px|text_align:center|line_height:17px\" use_theme_fonts=\"yes\" link=\"url:https%3A%2F%2Fherve-baume.com%2Fen%2Freportages%2Fbvlgari-hotel-milano|title:D%C3%AEner%20%C3%A0%20l%E2%80%99h%C3%B4tel|\"]<div class=\"ult-spacer spacer-6a048516a2375\" data-id=\"6a048516a2375\" data-height=\"50\" data-height-mobile=\"50\" data-height-tab=\"50\" data-height-tab-portrait=\"\" data-height-mobile-landscape=\"\" style=\"clear:both;display:block;\"><\/div>[vc_row_inner][vc_column_inner width=\"1\/6\"][\/vc_column_inner][vc_column_inner el_class=\"h590\" width=\"2\/3\" css=\".vc_custom_1671183593852{background-image: url(https:\/\/herve-baume.com\/img\/2022\/12\/Herve-Baume-Projet-Bulgari-Hotel-Milano.jpg?id=1691) !important;background-position: center !important;background-repeat: no-repeat !important;background-size: cover !important;}\"][vc_custom_heading text=\"Bvlgari Hotel Milano\" font_container=\"tag:h3|font_size:50px|text_align:center|color:%23ffffff|line_height:60px\" use_theme_fonts=\"yes\" link=\"url:https%3A%2F%2Fherve-baume.com%2Fen%2Freportages%2Fbvlgari-hotel-milano|title:D%C3%AEner%20%C3%A0%20l%E2%80%99h%C3%B4tel|\"][\/vc_column_inner][vc_column_inner width=\"1\/6\"][\/vc_column_inner][\/vc_row_inner][\/vc_column][\/vc_row][vc_row equal_height=\"yes\" el_class=\"align-horizontal\"][vc_column width=\"1\/2\" offset=\"vc_hidden-lg vc_hidden-md\"][vc_custom_heading text=\"\u2190 Previous\" font_container=\"tag:div|font_size:14px|text_align:center|line_height:17px\" use_theme_fonts=\"yes\" link=\"url:https%3A%2F%2Fherve-baume.com%2Fen%2Freportages%2Ffontvieille|title:D%C3%AEner%20%C3%A0%20l%E2%80%99h%C3%B4tel|\"][\/vc_column][vc_column width=\"1\/2\" offset=\"vc_hidden-lg vc_hidden-md\"][vc_custom_heading text=\"Next \u2192\" font_container=\"tag:div|font_size:14px|text_align:center|line_height:17px\" use_theme_fonts=\"yes\" link=\"url:https%3A%2F%2Fherve-baume.com%2Fen%2Freportages%2Fbvlgari-hotel-milano|title:D%C3%AEner%20%C3%A0%20l%E2%80%99h%C3%B4tel|\"][\/vc_column][\/vc_row][vc_row][vc_column]<div class=\"ult-spacer spacer-6a048516a23ac\" data-id=\"6a048516a23ac\" data-height=\"50\" data-height-mobile=\"50\" data-height-tab=\"50\" data-height-tab-portrait=\"\" data-height-mobile-landscape=\"\" style=\"clear:both;display:block;\"><\/div>[\/vc_column][\/vc_row]<\/p>\n<\/div>","protected":false},"excerpt":{"rendered":"<p>[vc_row full_width=\"stretch_row_content\" bg_type=\"image\" parallax_style=\"vcpb-vz-jquery\" bg_image_new=\"id^929|url^https:\/\/herve-baume.com\/img\/2022\/12\/HerveBaume-Bulgari_Londres-Hotel.jpg|caption^null|alt^null|title^HerveBaume-Bulgari_Londres-Hotel|description^null\" bg_image_repeat=\"no-repeat\"][vc_column][\/vc_column][\/vc_row][vc_row css_animation=\"fadeIn\"][vc_column][vc_custom_heading text=\"Bvlgari Hotel London\" font_container=\"tag:h1|font_size:50px|text_align:center|line_height:60px\" use_theme_fonts=\"yes\"][vc_column_text] Une mise en sc\u00e8ne plus urbaine pour notre mobilier dans le projet londonien des h\u00f4tels Bvlgari. Une touche british m\u00eal\u00e9 \u00e0 l\u2019art de vivre \u00e0 la fran\u00e7aise. [\/vc_column_text][\/vc_column][\/vc_row][vc_row full_width=\"stretch_row\" equal_height=\"yes\" content_placement=\"middle\" css_animation=\"fadeIn\"][vc_column width=\"1\/2\" css=\".vc_custom_1665137963795{padding-right: 0px !important;padding-left: 0px !important;}\"][vc_row_inner][vc_column_inner width=\"1\/6\"][\/vc_column_inner][vc_column_inner el_class=\"h590\" width=\"2\/3\" css=\".vc_custom_1670250294396{background-image: url(https:\/\/herve-baume.com\/img\/2022\/12\/Herve-Baume-hotel-london-bulgari-fer-forge-chaise.jpg?id=1090) [&hellip;]<\/p>\n","protected":false},"author":1,"featured_media":0,"parent":1806,"menu_order":0,"comment_status":"closed","ping_status":"closed","template":"","meta":{"footnotes":""},"class_list":["post-1851","page","type-page","status-publish","hentry"],"yoast_head":"<!-- This site is optimized with the Yoast SEO plugin v27.5 - https:\/\/yoast.com\/product\/yoast-seo-wordpress\/ -->\n<title>Bvlgari Hotel London - HERVE BAUME<\/title>\n<meta name=\"description\" content=\"At the Bvlgari Hotel London, Herv\u00e9 Baume furniture enhances the terrace with a refined touch\u2014where French design meets international luxury hospitality.\" \/>\n<meta name=\"robots\" content=\"index, follow, max-snippet:-1, max-image-preview:large, max-video-preview:-1\" \/>\n<link rel=\"canonical\" href=\"https:\/\/www.herve-baume.com\/en\/reportages\/bvlgari-hotel-london\" \/>\n<meta property=\"og:locale\" content=\"en_US\" \/>\n<meta property=\"og:type\" content=\"article\" \/>\n<meta property=\"og:title\" content=\"Bvlgari Hotel London - HERVE BAUME\" \/>\n<meta property=\"og:description\" content=\"At the Bvlgari Hotel London, Herv\u00e9 Baume furniture enhances the terrace with a refined touch\u2014where French design meets international luxury hospitality.\" \/>\n<meta property=\"og:url\" content=\"https:\/\/www.herve-baume.com\/en\/reportages\/bvlgari-hotel-london\" \/>\n<meta property=\"og:site_name\" content=\"HERVE BAUME\" \/>\n<meta property=\"article:modified_time\" content=\"2025-05-23T15:38:00+00:00\" \/>\n<meta name=\"twitter:card\" content=\"summary_large_image\" \/>\n<meta name=\"twitter:label1\" content=\"Est. reading time\" \/>\n\t<meta name=\"twitter:data1\" content=\"2 minutes\" \/>\n<script type=\"application\/ld+json\" class=\"yoast-schema-graph\">{\"@context\":\"https:\\\/\\\/schema.org\",\"@graph\":[{\"@type\":\"WebPage\",\"@id\":\"https:\\\/\\\/www.herve-baume.com\\\/en\\\/reportages\\\/bvlgari-hotel-london\",\"url\":\"https:\\\/\\\/www.herve-baume.com\\\/en\\\/reportages\\\/bvlgari-hotel-london\",\"name\":\"Bvlgari Hotel London - HERVE BAUME\",\"isPartOf\":{\"@id\":\"https:\\\/\\\/www.herve-baume.com\\\/en#website\"},\"datePublished\":\"2022-09-27T12:36:03+00:00\",\"dateModified\":\"2025-05-23T15:38:00+00:00\",\"description\":\"At the Bvlgari Hotel London, Herv\u00e9 Baume furniture enhances the terrace with a refined touch\u2014where French design meets international luxury hospitality.\",\"breadcrumb\":{\"@id\":\"https:\\\/\\\/www.herve-baume.com\\\/en\\\/reportages\\\/bvlgari-hotel-london#breadcrumb\"},\"inLanguage\":\"en-US\",\"potentialAction\":[{\"@type\":\"ReadAction\",\"target\":[\"https:\\\/\\\/www.herve-baume.com\\\/en\\\/reportages\\\/bvlgari-hotel-london\"]}]},{\"@type\":\"BreadcrumbList\",\"@id\":\"https:\\\/\\\/www.herve-baume.com\\\/en\\\/reportages\\\/bvlgari-hotel-london#breadcrumb\",\"itemListElement\":[{\"@type\":\"ListItem\",\"position\":1,\"name\":\"Accueil\",\"item\":\"https:\\\/\\\/www.herve-baume.com\\\/en\"},{\"@type\":\"ListItem\",\"position\":2,\"name\":\"Highlights\",\"item\":\"https:\\\/\\\/www.herve-baume.com\\\/en\\\/reportages\"},{\"@type\":\"ListItem\",\"position\":3,\"name\":\"Bvlgari Hotel London\"}]},{\"@type\":\"WebSite\",\"@id\":\"https:\\\/\\\/www.herve-baume.com\\\/en#website\",\"url\":\"https:\\\/\\\/www.herve-baume.com\\\/en\",\"name\":\"HERVE BAUME\",\"description\":\"Un site utilisant WordPress\",\"publisher\":{\"@id\":\"https:\\\/\\\/www.herve-baume.com\\\/en#organization\"},\"potentialAction\":[{\"@type\":\"SearchAction\",\"target\":{\"@type\":\"EntryPoint\",\"urlTemplate\":\"https:\\\/\\\/www.herve-baume.com\\\/en?s={search_term_string}\"},\"query-input\":{\"@type\":\"PropertyValueSpecification\",\"valueRequired\":true,\"valueName\":\"search_term_string\"}}],\"inLanguage\":\"en-US\"},{\"@type\":\"Organization\",\"@id\":\"https:\\\/\\\/www.herve-baume.com\\\/en#organization\",\"name\":\"HERVE BAUME\",\"url\":\"https:\\\/\\\/www.herve-baume.com\\\/en\",\"logo\":{\"@type\":\"ImageObject\",\"inLanguage\":\"en-US\",\"@id\":\"https:\\\/\\\/www.herve-baume.com\\\/en#\\\/schema\\\/logo\\\/image\\\/\",\"url\":\"https:\\\/\\\/herve-baume.com\\\/img\\\/2022\\\/09\\\/Logo.png\",\"contentUrl\":\"https:\\\/\\\/herve-baume.com\\\/img\\\/2022\\\/09\\\/Logo.png\",\"width\":125,\"height\":61,\"caption\":\"HERVE BAUME\"},\"image\":{\"@id\":\"https:\\\/\\\/www.herve-baume.com\\\/en#\\\/schema\\\/logo\\\/image\\\/\"}}]}<\/script>\n<!-- \/ Yoast SEO plugin. -->","yoast_head_json":{"title":"Bvlgari Hotel London - HERVE BAUME","description":"At the Bvlgari Hotel London, Herv\u00e9 Baume furniture enhances the terrace with a refined touch\u2014where French design meets international luxury hospitality.","robots":{"index":"index","follow":"follow","max-snippet":"max-snippet:-1","max-image-preview":"max-image-preview:large","max-video-preview":"max-video-preview:-1"},"canonical":"https:\/\/www.herve-baume.com\/en\/reportages\/bvlgari-hotel-london","og_locale":"en_US","og_type":"article","og_title":"Bvlgari Hotel London - HERVE BAUME","og_description":"At the Bvlgari Hotel London, Herv\u00e9 Baume furniture enhances the terrace with a refined touch\u2014where French design meets international luxury hospitality.","og_url":"https:\/\/www.herve-baume.com\/en\/reportages\/bvlgari-hotel-london","og_site_name":"HERVE BAUME","article_modified_time":"2025-05-23T15:38:00+00:00","twitter_card":"summary_large_image","twitter_misc":{"Est. reading time":"2 minutes"},"schema":{"@context":"https:\/\/schema.org","@graph":[{"@type":"WebPage","@id":"https:\/\/www.herve-baume.com\/en\/reportages\/bvlgari-hotel-london","url":"https:\/\/www.herve-baume.com\/en\/reportages\/bvlgari-hotel-london","name":"Bvlgari Hotel London - HERVE BAUME","isPartOf":{"@id":"https:\/\/www.herve-baume.com\/en#website"},"datePublished":"2022-09-27T12:36:03+00:00","dateModified":"2025-05-23T15:38:00+00:00","description":"At the Bvlgari Hotel London, Herv\u00e9 Baume furniture enhances the terrace with a refined touch\u2014where French design meets international luxury hospitality.","breadcrumb":{"@id":"https:\/\/www.herve-baume.com\/en\/reportages\/bvlgari-hotel-london#breadcrumb"},"inLanguage":"en-US","potentialAction":[{"@type":"ReadAction","target":["https:\/\/www.herve-baume.com\/en\/reportages\/bvlgari-hotel-london"]}]},{"@type":"BreadcrumbList","@id":"https:\/\/www.herve-baume.com\/en\/reportages\/bvlgari-hotel-london#breadcrumb","itemListElement":[{"@type":"ListItem","position":1,"name":"Accueil","item":"https:\/\/www.herve-baume.com\/en"},{"@type":"ListItem","position":2,"name":"Highlights","item":"https:\/\/www.herve-baume.com\/en\/reportages"},{"@type":"ListItem","position":3,"name":"Bvlgari Hotel London"}]},{"@type":"WebSite","@id":"https:\/\/www.herve-baume.com\/en#website","url":"https:\/\/www.herve-baume.com\/en","name":"HERVE BAUME","description":"Un site utilisant WordPress","publisher":{"@id":"https:\/\/www.herve-baume.com\/en#organization"},"potentialAction":[{"@type":"SearchAction","target":{"@type":"EntryPoint","urlTemplate":"https:\/\/www.herve-baume.com\/en?s={search_term_string}"},"query-input":{"@type":"PropertyValueSpecification","valueRequired":true,"valueName":"search_term_string"}}],"inLanguage":"en-US"},{"@type":"Organization","@id":"https:\/\/www.herve-baume.com\/en#organization","name":"HERVE BAUME","url":"https:\/\/www.herve-baume.com\/en","logo":{"@type":"ImageObject","inLanguage":"en-US","@id":"https:\/\/www.herve-baume.com\/en#\/schema\/logo\/image\/","url":"https:\/\/herve-baume.com\/img\/2022\/09\/Logo.png","contentUrl":"https:\/\/herve-baume.com\/img\/2022\/09\/Logo.png","width":125,"height":61,"caption":"HERVE BAUME"},"image":{"@id":"https:\/\/www.herve-baume.com\/en#\/schema\/logo\/image\/"}}]}},"_links":{"self":[{"href":"https:\/\/www.herve-baume.com\/en\/wp-json\/wp\/v2\/pages\/1851","targetHints":{"allow":["GET"]}}],"collection":[{"href":"https:\/\/www.herve-baume.com\/en\/wp-json\/wp\/v2\/pages"}],"about":[{"href":"https:\/\/www.herve-baume.com\/en\/wp-json\/wp\/v2\/types\/page"}],"author":[{"embeddable":true,"href":"https:\/\/www.herve-baume.com\/en\/wp-json\/wp\/v2\/users\/1"}],"replies":[{"embeddable":true,"href":"https:\/\/www.herve-baume.com\/en\/wp-json\/wp\/v2\/comments?post=1851"}],"version-history":[{"count":6,"href":"https:\/\/www.herve-baume.com\/en\/wp-json\/wp\/v2\/pages\/1851\/revisions"}],"predecessor-version":[{"id":2889,"href":"https:\/\/www.herve-baume.com\/en\/wp-json\/wp\/v2\/pages\/1851\/revisions\/2889"}],"up":[{"embeddable":true,"href":"https:\/\/www.herve-baume.com\/en\/wp-json\/wp\/v2\/pages\/1806"}],"wp:attachment":[{"href":"https:\/\/www.herve-baume.com\/en\/wp-json\/wp\/v2\/media?parent=1851"}],"curies":[{"name":"wp","href":"https:\/\/api.w.org\/{rel}","templated":true}]}}