{"id":1869,"date":"2022-09-27T14:35:21","date_gmt":"2022-09-27T12:35:21","guid":{"rendered":"https:\/\/hervebaume.peexprod.com\/reportages\/maison-albar-hotels"},"modified":"2025-05-23T17:40:31","modified_gmt":"2025-05-23T15:40:31","slug":"maison-albar-hotels","status":"publish","type":"page","link":"https:\/\/www.herve-baume.com\/en\/reportages\/maison-albar-hotels","title":{"rendered":"Maison Albar Hotels"},"content":{"rendered":"<div class=\"wpb-content-wrapper\"><p>[vc_row full_width=\"stretch_row_content\" bg_type=\"image\" parallax_style=\"vcpb-vz-jquery\" bg_image_new=\"id^868|url^https:\/\/herve-baume.com\/img\/2022\/12\/HerveBaume-AlbarImperator_Nimes-1.jpg|caption^null|alt^null|title^HerveBaume-AlbarImperator_Nimes|description^null\" bg_image_repeat=\"no-repeat\"][vc_column]<div class=\"ult-spacer spacer-6a04902d4c7f2\" data-id=\"6a04902d4c7f2\" data-height=\"510\" data-height-mobile=\"510\" data-height-tab=\"510\" data-height-tab-portrait=\"\" data-height-mobile-landscape=\"\" style=\"clear:both;display:block;\"><\/div>[\/vc_column][\/vc_row][vc_row css_animation=\"fadeIn\"][vc_column]<div class=\"ult-spacer spacer-6a04902d4c86e\" data-id=\"6a04902d4c86e\" data-height=\"50\" data-height-mobile=\"50\" data-height-tab=\"50\" data-height-tab-portrait=\"\" data-height-mobile-landscape=\"\" style=\"clear:both;display:block;\"><\/div>[vc_custom_heading text=\"Maison Albar Imperator Hotel\" font_container=\"tag:h1|font_size:50px|text_align:center|line_height:60px\" use_theme_fonts=\"yes\"][vc_column_text]<\/p>\n<p style=\"text-align: center;\">Une r\u00e9novation tr\u00e8s soign\u00e9e pour L\u2019Imperator, un des h\u00f4tels les plus iconiques de N\u00eemes. En plein centre-ville sa terrasse cach\u00e9e est l\u2019une des plus agr\u00e9ables de cette r\u00e9gion du sud de la France. Tables et chaises dans un ton de vert aussi classique que contemporain dans cette d\u00e9coration l\u00e9ch\u00e9e.<\/p>\n<p>[\/vc_column_text]<div class=\"ult-spacer spacer-6a04902d4c8a7\" data-id=\"6a04902d4c8a7\" data-height=\"90\" data-height-mobile=\"45\" data-height-tab=\"\" data-height-tab-portrait=\"\" data-height-mobile-landscape=\"45\" style=\"clear:both;display:block;\"><\/div>[\/vc_column][\/vc_row][vc_row full_width=\"stretch_row\" equal_height=\"yes\" content_placement=\"middle\" css_animation=\"fadeIn\"][vc_column width=\"1\/2\" css=\".vc_custom_1665137963795{padding-right: 0px !important;padding-left: 0px !important;}\"]<div class=\"ult-spacer spacer-6a04902d4c8dc\" data-id=\"6a04902d4c8dc\" data-height=\"90\" data-height-mobile=\"0\" data-height-tab=\"\" data-height-tab-portrait=\"\" data-height-mobile-landscape=\"0\" style=\"clear:both;display:block;\"><\/div>[vc_row_inner][vc_column_inner width=\"1\/6\"][\/vc_column_inner][vc_column_inner el_class=\"h590\" width=\"2\/3\" css=\".vc_custom_1670249412386{background-image: url(https:\/\/herve-baume.com\/img\/2022\/12\/HerveBaume-Albar-Hotel-Nimes-2.jpg?id=1067) !important;background-position: center !important;background-repeat: no-repeat !important;background-size: cover !important;}\"][\/vc_column_inner][vc_column_inner width=\"1\/6\"][\/vc_column_inner][\/vc_row_inner][\/vc_column][vc_column width=\"1\/2\"]<div class=\"ult-spacer spacer-6a04902d4c909\" data-id=\"6a04902d4c909\" data-height=\"0\" data-height-mobile=\"30\" data-height-tab=\"\" data-height-tab-portrait=\"\" data-height-mobile-landscape=\"30\" style=\"clear:both;display:block;\"><\/div>[vc_row_inner][vc_column_inner width=\"1\/6\"][\/vc_column_inner][vc_column_inner el_class=\"h590\" width=\"2\/3\" css=\".vc_custom_1670249480688{background-image: url(https:\/\/herve-baume.com\/img\/2022\/12\/HerveBaume-Hotel-Maison-Albar-Nimes-2.jpg?id=1069) !important;background-position: center !important;background-repeat: no-repeat !important;background-size: cover !important;}\"][\/vc_column_inner][vc_column_inner width=\"1\/6\"][\/vc_column_inner][\/vc_row_inner]<div class=\"ult-spacer spacer-6a04902d4c933\" data-id=\"6a04902d4c933\" data-height=\"130\" data-height-mobile=\"0\" data-height-tab=\"\" data-height-tab-portrait=\"\" data-height-mobile-landscape=\"0\" style=\"clear:both;display:block;\"><\/div>[\/vc_column][\/vc_row][vc_row full_width=\"stretch_row\" equal_height=\"yes\" content_placement=\"middle\" css_animation=\"fadeIn\"][vc_column width=\"1\/2\" css=\".vc_custom_1665137963795{padding-right: 0px !important;padding-left: 0px !important;}\"]<div class=\"ult-spacer spacer-6a04902d4c95d\" data-id=\"6a04902d4c95d\" data-height=\"150\" data-height-mobile=\"30\" data-height-tab=\"\" data-height-tab-portrait=\"\" data-height-mobile-landscape=\"30\" style=\"clear:both;display:block;\"><\/div>[vc_row_inner][vc_column_inner width=\"1\/6\"][\/vc_column_inner][vc_column_inner el_class=\"h590\" width=\"2\/3\" css=\".vc_custom_1670249433957{background-image: url(https:\/\/herve-baume.com\/img\/2022\/12\/HerveBaume-Hotel-Maison-Albar-Terrasse-Chaise-1.jpg?id=1071) !important;background-position: center !important;background-repeat: no-repeat !important;background-size: cover !important;}\"][\/vc_column_inner][vc_column_inner width=\"1\/6\"][\/vc_column_inner][\/vc_row_inner][\/vc_column][vc_column width=\"1\/2\"]<div class=\"ult-spacer spacer-6a04902d4c986\" data-id=\"6a04902d4c986\" data-height=\"0\" data-height-mobile=\"30\" data-height-tab=\"\" data-height-tab-portrait=\"\" data-height-mobile-landscape=\"30\" style=\"clear:both;display:block;\"><\/div>[vc_row_inner][vc_column_inner width=\"1\/6\"][\/vc_column_inner][vc_column_inner el_class=\"h590\" width=\"2\/3\" css=\".vc_custom_1670249442678{background-image: url(https:\/\/herve-baume.com\/img\/2022\/12\/HerveBaume-Hotel-Maison-Albar-Chaise-Sud-1.jpg?id=1073) !important;background-position: center !important;background-repeat: no-repeat !important;background-size: cover !important;}\"][\/vc_column_inner][vc_column_inner width=\"1\/6\"][\/vc_column_inner][\/vc_row_inner]<div class=\"ult-spacer spacer-6a04902d4c9ac\" data-id=\"6a04902d4c9ac\" data-height=\"90\" data-height-mobile=\"0\" data-height-tab=\"\" data-height-tab-portrait=\"\" data-height-mobile-landscape=\"0\" style=\"clear:both;display:block;\"><\/div>[\/vc_column][\/vc_row][vc_row][vc_column]<div class=\"ult-spacer spacer-6a04902d4c9d2\" data-id=\"6a04902d4c9d2\" data-height=\"180\" data-height-mobile=\"45\" data-height-tab=\"\" data-height-tab-portrait=\"\" data-height-mobile-landscape=\"45\" style=\"clear:both;display:block;\"><\/div>[vc_separator color=\"black\"]<div class=\"ult-spacer spacer-6a04902d4c9f6\" data-id=\"6a04902d4c9f6\" data-height=\"90\" data-height-mobile=\"45\" data-height-tab=\"\" data-height-tab-portrait=\"\" data-height-mobile-landscape=\"45\" style=\"clear:both;display:block;\"><\/div>[\/vc_column][\/vc_row][vc_row equal_height=\"yes\"][vc_column width=\"1\/2\" offset=\"vc_hidden-sm vc_hidden-xs\"][vc_custom_heading text=\"\u2190 Previous\" font_container=\"tag:div|font_size:14px|text_align:center|line_height:17px\" use_theme_fonts=\"yes\" link=\"url:https%3A%2F%2Fherve-baume.com%2Fen%2Freportages%2Fhotel-villa-saint-ange|title:D%C3%AEner%20%C3%A0%20l%E2%80%99h%C3%B4tel|\"]<div class=\"ult-spacer spacer-6a04902d4ca1a\" data-id=\"6a04902d4ca1a\" data-height=\"50\" data-height-mobile=\"50\" data-height-tab=\"50\" data-height-tab-portrait=\"\" data-height-mobile-landscape=\"\" style=\"clear:both;display:block;\"><\/div>[vc_row_inner][vc_column_inner width=\"1\/6\"][\/vc_column_inner][vc_column_inner el_class=\"h590\" width=\"2\/3\" css=\".vc_custom_1671183888549{background-image: url(https:\/\/herve-baume.com\/img\/2022\/12\/Herve-Baume-Projet-Villa-Saint-Ange.jpg?id=1697) !important;background-position: center !important;background-repeat: no-repeat !important;background-size: cover !important;}\"][vc_custom_heading text=\"H\u00f4tel Villa Saint-Ange\" font_container=\"tag:h3|font_size:50px|text_align:center|color:%23ffffff|line_height:60px\" use_theme_fonts=\"yes\" link=\"url:https%3A%2F%2Fherve-baume.com%2Fen%2Freportages%2Fhotel-villa-saint-ange|title:D%C3%AEner%20%C3%A0%20l%E2%80%99h%C3%B4tel|\"][\/vc_column_inner][vc_column_inner width=\"1\/6\"][\/vc_column_inner][\/vc_row_inner][\/vc_column][vc_column width=\"1\/2\" offset=\"vc_hidden-sm vc_hidden-xs\"][vc_custom_heading text=\"Next \u2192\" font_container=\"tag:div|font_size:14px|text_align:center|line_height:17px\" use_theme_fonts=\"yes\" link=\"url:https%3A%2F%2Fherve-baume.com%2Fen%2Freportages%2Fle-mas-de-chabran|title:D%C3%AEner%20%C3%A0%20l%E2%80%99h%C3%B4tel|\"]<div class=\"ult-spacer spacer-6a04902d4ca3e\" data-id=\"6a04902d4ca3e\" data-height=\"50\" data-height-mobile=\"50\" data-height-tab=\"50\" data-height-tab-portrait=\"\" data-height-mobile-landscape=\"\" style=\"clear:both;display:block;\"><\/div>[vc_row_inner][vc_column_inner width=\"1\/6\"][\/vc_column_inner][vc_column_inner el_class=\"h590\" width=\"2\/3\" css=\".vc_custom_1671183863519{background-image: url(https:\/\/herve-baume.com\/img\/2022\/12\/Herve-Baume-Projet-Le-Mas-de-Chabran-1.jpg?id=1704) !important;background-position: center !important;background-repeat: no-repeat !important;background-size: cover !important;}\"][vc_custom_heading text=\"Le Mas de Chabran\" font_container=\"tag:h3|font_size:50px|text_align:center|color:%23ffffff|line_height:60px\" use_theme_fonts=\"yes\" link=\"url:https%3A%2F%2Fherve-baume.com%2Fen%2Freportages%2Fle-mas-de-chabran|title:D%C3%AEner%20%C3%A0%20l%E2%80%99h%C3%B4tel|\"][\/vc_column_inner][vc_column_inner width=\"1\/6\"][\/vc_column_inner][\/vc_row_inner][\/vc_column][\/vc_row][vc_row equal_height=\"yes\" el_class=\"align-horizontal\"][vc_column width=\"1\/2\" offset=\"vc_hidden-lg vc_hidden-md\"][vc_custom_heading text=\"\u2190 Previous\" font_container=\"tag:div|font_size:14px|text_align:center|line_height:17px\" use_theme_fonts=\"yes\" link=\"url:https%3A%2F%2Fherve-baume.com%2Fen%2Freportages%2Fhotel-villa-saint-ange|title:D%C3%AEner%20%C3%A0%20l%E2%80%99h%C3%B4tel|\"][\/vc_column][vc_column width=\"1\/2\" offset=\"vc_hidden-lg vc_hidden-md\"][vc_custom_heading text=\"Next \u2192\" font_container=\"tag:div|font_size:14px|text_align:center|line_height:17px\" use_theme_fonts=\"yes\" link=\"url:https%3A%2F%2Fherve-baume.com%2Fen%2Freportages%2Fle-mas-de-chabran|title:D%C3%AEner%20%C3%A0%20l%E2%80%99h%C3%B4tel|\"][\/vc_column][\/vc_row][vc_row][vc_column]<div class=\"ult-spacer spacer-6a04902d4ca64\" data-id=\"6a04902d4ca64\" data-height=\"50\" data-height-mobile=\"50\" data-height-tab=\"50\" data-height-tab-portrait=\"\" data-height-mobile-landscape=\"\" style=\"clear:both;display:block;\"><\/div>[\/vc_column][\/vc_row]<\/p>\n<\/div>","protected":false},"excerpt":{"rendered":"<p>[vc_row full_width=\"stretch_row_content\" bg_type=\"image\" parallax_style=\"vcpb-vz-jquery\" bg_image_new=\"id^868|url^https:\/\/herve-baume.com\/img\/2022\/12\/HerveBaume-AlbarImperator_Nimes-1.jpg|caption^null|alt^null|title^HerveBaume-AlbarImperator_Nimes|description^null\" bg_image_repeat=\"no-repeat\"][vc_column][\/vc_column][\/vc_row][vc_row css_animation=\"fadeIn\"][vc_column][vc_custom_heading text=\"Maison Albar Imperator Hotel\" font_container=\"tag:h1|font_size:50px|text_align:center|line_height:60px\" use_theme_fonts=\"yes\"][vc_column_text] Une r\u00e9novation tr\u00e8s soign\u00e9e pour L\u2019Imperator, un des h\u00f4tels les plus iconiques de N\u00eemes. En plein centre-ville sa terrasse cach\u00e9e est l\u2019une des plus agr\u00e9ables de cette r\u00e9gion du sud de la France. Tables et chaises dans un ton de vert aussi [&hellip;]<\/p>\n","protected":false},"author":1,"featured_media":0,"parent":1806,"menu_order":0,"comment_status":"closed","ping_status":"closed","template":"","meta":{"footnotes":""},"class_list":["post-1869","page","type-page","status-publish","hentry"],"yoast_head":"<!-- This site is optimized with the Yoast SEO plugin v27.5 - https:\/\/yoast.com\/product\/yoast-seo-wordpress\/ -->\n<title>Maison Albar Hotels - HERVE BAUME<\/title>\n<meta name=\"description\" content=\"Maison Albar Hotels partners with Herv\u00e9 Baume to furnish its terraces: bespoke furniture enhancing the high-end luxury hotel experience.\" \/>\n<meta name=\"robots\" content=\"index, follow, max-snippet:-1, max-image-preview:large, max-video-preview:-1\" \/>\n<link rel=\"canonical\" href=\"https:\/\/www.herve-baume.com\/en\/reportages\/maison-albar-hotels\" \/>\n<meta property=\"og:locale\" content=\"en_US\" \/>\n<meta property=\"og:type\" content=\"article\" \/>\n<meta property=\"og:title\" content=\"Maison Albar Hotels - HERVE BAUME\" \/>\n<meta property=\"og:description\" content=\"Maison Albar Hotels partners with Herv\u00e9 Baume to furnish its terraces: bespoke furniture enhancing the high-end luxury hotel experience.\" \/>\n<meta property=\"og:url\" content=\"https:\/\/www.herve-baume.com\/en\/reportages\/maison-albar-hotels\" \/>\n<meta property=\"og:site_name\" content=\"HERVE BAUME\" \/>\n<meta property=\"article:modified_time\" content=\"2025-05-23T15:40:31+00:00\" \/>\n<meta name=\"twitter:card\" content=\"summary_large_image\" \/>\n<meta name=\"twitter:label1\" content=\"Est. reading time\" \/>\n\t<meta name=\"twitter:data1\" content=\"3 minutes\" \/>\n<script type=\"application\/ld+json\" class=\"yoast-schema-graph\">{\"@context\":\"https:\\\/\\\/schema.org\",\"@graph\":[{\"@type\":\"WebPage\",\"@id\":\"https:\\\/\\\/www.herve-baume.com\\\/en\\\/reportages\\\/maison-albar-hotels\",\"url\":\"https:\\\/\\\/www.herve-baume.com\\\/en\\\/reportages\\\/maison-albar-hotels\",\"name\":\"Maison Albar Hotels - HERVE BAUME\",\"isPartOf\":{\"@id\":\"https:\\\/\\\/www.herve-baume.com\\\/en#website\"},\"datePublished\":\"2022-09-27T12:35:21+00:00\",\"dateModified\":\"2025-05-23T15:40:31+00:00\",\"description\":\"Maison Albar Hotels partners with Herv\u00e9 Baume to furnish its terraces: bespoke furniture enhancing the high-end luxury hotel experience.\",\"breadcrumb\":{\"@id\":\"https:\\\/\\\/www.herve-baume.com\\\/en\\\/reportages\\\/maison-albar-hotels#breadcrumb\"},\"inLanguage\":\"en-US\",\"potentialAction\":[{\"@type\":\"ReadAction\",\"target\":[\"https:\\\/\\\/www.herve-baume.com\\\/en\\\/reportages\\\/maison-albar-hotels\"]}]},{\"@type\":\"BreadcrumbList\",\"@id\":\"https:\\\/\\\/www.herve-baume.com\\\/en\\\/reportages\\\/maison-albar-hotels#breadcrumb\",\"itemListElement\":[{\"@type\":\"ListItem\",\"position\":1,\"name\":\"Accueil\",\"item\":\"https:\\\/\\\/www.herve-baume.com\\\/en\"},{\"@type\":\"ListItem\",\"position\":2,\"name\":\"Highlights\",\"item\":\"https:\\\/\\\/www.herve-baume.com\\\/en\\\/reportages\"},{\"@type\":\"ListItem\",\"position\":3,\"name\":\"Maison Albar Hotels\"}]},{\"@type\":\"WebSite\",\"@id\":\"https:\\\/\\\/www.herve-baume.com\\\/en#website\",\"url\":\"https:\\\/\\\/www.herve-baume.com\\\/en\",\"name\":\"HERVE BAUME\",\"description\":\"Un site utilisant WordPress\",\"publisher\":{\"@id\":\"https:\\\/\\\/www.herve-baume.com\\\/en#organization\"},\"potentialAction\":[{\"@type\":\"SearchAction\",\"target\":{\"@type\":\"EntryPoint\",\"urlTemplate\":\"https:\\\/\\\/www.herve-baume.com\\\/en?s={search_term_string}\"},\"query-input\":{\"@type\":\"PropertyValueSpecification\",\"valueRequired\":true,\"valueName\":\"search_term_string\"}}],\"inLanguage\":\"en-US\"},{\"@type\":\"Organization\",\"@id\":\"https:\\\/\\\/www.herve-baume.com\\\/en#organization\",\"name\":\"HERVE BAUME\",\"url\":\"https:\\\/\\\/www.herve-baume.com\\\/en\",\"logo\":{\"@type\":\"ImageObject\",\"inLanguage\":\"en-US\",\"@id\":\"https:\\\/\\\/www.herve-baume.com\\\/en#\\\/schema\\\/logo\\\/image\\\/\",\"url\":\"https:\\\/\\\/herve-baume.com\\\/img\\\/2022\\\/09\\\/Logo.png\",\"contentUrl\":\"https:\\\/\\\/herve-baume.com\\\/img\\\/2022\\\/09\\\/Logo.png\",\"width\":125,\"height\":61,\"caption\":\"HERVE BAUME\"},\"image\":{\"@id\":\"https:\\\/\\\/www.herve-baume.com\\\/en#\\\/schema\\\/logo\\\/image\\\/\"}}]}<\/script>\n<!-- \/ Yoast SEO plugin. -->","yoast_head_json":{"title":"Maison Albar Hotels - HERVE BAUME","description":"Maison Albar Hotels partners with Herv\u00e9 Baume to furnish its terraces: bespoke furniture enhancing the high-end luxury hotel experience.","robots":{"index":"index","follow":"follow","max-snippet":"max-snippet:-1","max-image-preview":"max-image-preview:large","max-video-preview":"max-video-preview:-1"},"canonical":"https:\/\/www.herve-baume.com\/en\/reportages\/maison-albar-hotels","og_locale":"en_US","og_type":"article","og_title":"Maison Albar Hotels - HERVE BAUME","og_description":"Maison Albar Hotels partners with Herv\u00e9 Baume to furnish its terraces: bespoke furniture enhancing the high-end luxury hotel experience.","og_url":"https:\/\/www.herve-baume.com\/en\/reportages\/maison-albar-hotels","og_site_name":"HERVE BAUME","article_modified_time":"2025-05-23T15:40:31+00:00","twitter_card":"summary_large_image","twitter_misc":{"Est. reading time":"3 minutes"},"schema":{"@context":"https:\/\/schema.org","@graph":[{"@type":"WebPage","@id":"https:\/\/www.herve-baume.com\/en\/reportages\/maison-albar-hotels","url":"https:\/\/www.herve-baume.com\/en\/reportages\/maison-albar-hotels","name":"Maison Albar Hotels - HERVE BAUME","isPartOf":{"@id":"https:\/\/www.herve-baume.com\/en#website"},"datePublished":"2022-09-27T12:35:21+00:00","dateModified":"2025-05-23T15:40:31+00:00","description":"Maison Albar Hotels partners with Herv\u00e9 Baume to furnish its terraces: bespoke furniture enhancing the high-end luxury hotel experience.","breadcrumb":{"@id":"https:\/\/www.herve-baume.com\/en\/reportages\/maison-albar-hotels#breadcrumb"},"inLanguage":"en-US","potentialAction":[{"@type":"ReadAction","target":["https:\/\/www.herve-baume.com\/en\/reportages\/maison-albar-hotels"]}]},{"@type":"BreadcrumbList","@id":"https:\/\/www.herve-baume.com\/en\/reportages\/maison-albar-hotels#breadcrumb","itemListElement":[{"@type":"ListItem","position":1,"name":"Accueil","item":"https:\/\/www.herve-baume.com\/en"},{"@type":"ListItem","position":2,"name":"Highlights","item":"https:\/\/www.herve-baume.com\/en\/reportages"},{"@type":"ListItem","position":3,"name":"Maison Albar Hotels"}]},{"@type":"WebSite","@id":"https:\/\/www.herve-baume.com\/en#website","url":"https:\/\/www.herve-baume.com\/en","name":"HERVE BAUME","description":"Un site utilisant WordPress","publisher":{"@id":"https:\/\/www.herve-baume.com\/en#organization"},"potentialAction":[{"@type":"SearchAction","target":{"@type":"EntryPoint","urlTemplate":"https:\/\/www.herve-baume.com\/en?s={search_term_string}"},"query-input":{"@type":"PropertyValueSpecification","valueRequired":true,"valueName":"search_term_string"}}],"inLanguage":"en-US"},{"@type":"Organization","@id":"https:\/\/www.herve-baume.com\/en#organization","name":"HERVE BAUME","url":"https:\/\/www.herve-baume.com\/en","logo":{"@type":"ImageObject","inLanguage":"en-US","@id":"https:\/\/www.herve-baume.com\/en#\/schema\/logo\/image\/","url":"https:\/\/herve-baume.com\/img\/2022\/09\/Logo.png","contentUrl":"https:\/\/herve-baume.com\/img\/2022\/09\/Logo.png","width":125,"height":61,"caption":"HERVE BAUME"},"image":{"@id":"https:\/\/www.herve-baume.com\/en#\/schema\/logo\/image\/"}}]}},"_links":{"self":[{"href":"https:\/\/www.herve-baume.com\/en\/wp-json\/wp\/v2\/pages\/1869","targetHints":{"allow":["GET"]}}],"collection":[{"href":"https:\/\/www.herve-baume.com\/en\/wp-json\/wp\/v2\/pages"}],"about":[{"href":"https:\/\/www.herve-baume.com\/en\/wp-json\/wp\/v2\/types\/page"}],"author":[{"embeddable":true,"href":"https:\/\/www.herve-baume.com\/en\/wp-json\/wp\/v2\/users\/1"}],"replies":[{"embeddable":true,"href":"https:\/\/www.herve-baume.com\/en\/wp-json\/wp\/v2\/comments?post=1869"}],"version-history":[{"count":4,"href":"https:\/\/www.herve-baume.com\/en\/wp-json\/wp\/v2\/pages\/1869\/revisions"}],"predecessor-version":[{"id":2895,"href":"https:\/\/www.herve-baume.com\/en\/wp-json\/wp\/v2\/pages\/1869\/revisions\/2895"}],"up":[{"embeddable":true,"href":"https:\/\/www.herve-baume.com\/en\/wp-json\/wp\/v2\/pages\/1806"}],"wp:attachment":[{"href":"https:\/\/www.herve-baume.com\/en\/wp-json\/wp\/v2\/media?parent=1869"}],"curies":[{"name":"wp","href":"https:\/\/api.w.org\/{rel}","templated":true}]}}