{"id":2120,"date":"2022-09-27T16:27:42","date_gmt":"2022-09-27T14:27:42","guid":{"rendered":"https:\/\/hervebaume.peexprod.com\/mentions-legales"},"modified":"2025-05-23T17:30:38","modified_gmt":"2025-05-23T15:30:38","slug":"mentions-legales","status":"publish","type":"page","link":"https:\/\/www.herve-baume.com\/en\/mentions-legales","title":{"rendered":"Mentions l\u00e9gales"},"content":{"rendered":"<div class=\"wpb-content-wrapper\"><p>[vc_row][vc_column]<div class=\"ult-spacer spacer-6a0478c30c81b\" data-id=\"6a0478c30c81b\" data-height=\"200\" data-height-mobile=\"200\" data-height-tab=\"200\" data-height-tab-portrait=\"\" data-height-mobile-landscape=\"\" style=\"clear:both;display:block;\"><\/div>[\/vc_column][\/vc_row][vc_row][vc_column]<div class=\"ult-spacer spacer-6a0478c30c87d\" data-id=\"6a0478c30c87d\" data-height=\"50\" data-height-mobile=\"50\" data-height-tab=\"50\" data-height-tab-portrait=\"\" data-height-mobile-landscape=\"\" style=\"clear:both;display:block;\"><\/div>[vc_custom_heading text=\"Mentions l\u00e9gales\"][vc_column_text]D\u00e9nomination sociale :<\/p>\n<p>Si\u00e8ge social :<\/p>\n<p>T\u00e9l\u00e9phone :<\/p>\n<p>E-mail :<\/p>\n<p>RCS\u00a0 \u2013 S.A.S. au capital de<\/p>\n<p>SIREN\/SIRET<\/p>\n<p>N\u00b0 TVA intracommunautaire :<\/p>\n<p>Directeur de la publication :<\/p>\n<p>Responsable de la r\u00e9daction :<\/p>\n<p>&nbsp;<\/p>\n<p>H\u00e9bergeur :<\/p>\n<p>Si\u00e8ge social :<\/p>\n<p>&nbsp;<\/p>\n<p>T\u00e9l\u00e9phone :[\/vc_column_text]<div class=\"ult-spacer spacer-6a0478c30c8aa\" data-id=\"6a0478c30c8aa\" data-height=\"50\" data-height-mobile=\"50\" data-height-tab=\"50\" data-height-tab-portrait=\"\" data-height-mobile-landscape=\"\" style=\"clear:both;display:block;\"><\/div>[\/vc_column][vc_column][\/vc_column][\/vc_row]<\/p>\n<\/div>","protected":false},"excerpt":{"rendered":"<p>[vc_row][vc_column][\/vc_column][\/vc_row][vc_row][vc_column][vc_custom_heading text=\"Mentions l\u00e9gales\"][vc_column_text]D\u00e9nomination sociale : Si\u00e8ge social : T\u00e9l\u00e9phone : E-mail : RCS\u00a0 \u2013 S.A.S. au capital de SIREN\/SIRET N\u00b0 TVA intracommunautaire : Directeur de la publication : Responsable de la r\u00e9daction : &nbsp; H\u00e9bergeur : Si\u00e8ge social : &nbsp; T\u00e9l\u00e9phone :[\/vc_column_text][\/vc_column][vc_column][\/vc_column][\/vc_row]<\/p>\n","protected":false},"author":1,"featured_media":0,"parent":0,"menu_order":0,"comment_status":"closed","ping_status":"closed","template":"","meta":{"footnotes":""},"class_list":["post-2120","page","type-page","status-publish","hentry"],"yoast_head":"<!-- This site is optimized with the Yoast SEO plugin v27.5 - https:\/\/yoast.com\/product\/yoast-seo-wordpress\/ -->\n<title>Mentions l\u00e9gales - HERVE BAUME<\/title>\n<meta name=\"description\" content=\"Read Herv\u00e9 Baume\u2019s legal notice: publisher, hosting provider, intellectual property and website terms of use.\" \/>\n<meta name=\"robots\" content=\"index, follow, max-snippet:-1, max-image-preview:large, max-video-preview:-1\" \/>\n<link rel=\"canonical\" href=\"https:\/\/www.herve-baume.com\/en\/mentions-legales\" \/>\n<meta property=\"og:locale\" content=\"en_US\" \/>\n<meta property=\"og:type\" content=\"article\" \/>\n<meta property=\"og:title\" content=\"Mentions l\u00e9gales - HERVE BAUME\" \/>\n<meta property=\"og:description\" content=\"Read Herv\u00e9 Baume\u2019s legal notice: publisher, hosting provider, intellectual property and website terms of use.\" \/>\n<meta property=\"og:url\" content=\"https:\/\/www.herve-baume.com\/en\/mentions-legales\" \/>\n<meta property=\"og:site_name\" content=\"HERVE BAUME\" \/>\n<meta property=\"article:modified_time\" content=\"2025-05-23T15:30:38+00:00\" \/>\n<meta name=\"twitter:card\" content=\"summary_large_image\" \/>\n<meta name=\"twitter:label1\" content=\"Est. reading time\" \/>\n\t<meta name=\"twitter:data1\" content=\"1 minute\" \/>\n<script type=\"application\/ld+json\" class=\"yoast-schema-graph\">{\"@context\":\"https:\\\/\\\/schema.org\",\"@graph\":[{\"@type\":\"WebPage\",\"@id\":\"https:\\\/\\\/www.herve-baume.com\\\/en\\\/mentions-legales\",\"url\":\"https:\\\/\\\/www.herve-baume.com\\\/en\\\/mentions-legales\",\"name\":\"Mentions l\u00e9gales - HERVE BAUME\",\"isPartOf\":{\"@id\":\"https:\\\/\\\/www.herve-baume.com\\\/en#website\"},\"datePublished\":\"2022-09-27T14:27:42+00:00\",\"dateModified\":\"2025-05-23T15:30:38+00:00\",\"description\":\"Read Herv\u00e9 Baume\u2019s legal notice: publisher, hosting provider, intellectual property and website terms of use.\",\"breadcrumb\":{\"@id\":\"https:\\\/\\\/www.herve-baume.com\\\/en\\\/mentions-legales#breadcrumb\"},\"inLanguage\":\"en-US\",\"potentialAction\":[{\"@type\":\"ReadAction\",\"target\":[\"https:\\\/\\\/www.herve-baume.com\\\/en\\\/mentions-legales\"]}]},{\"@type\":\"BreadcrumbList\",\"@id\":\"https:\\\/\\\/www.herve-baume.com\\\/en\\\/mentions-legales#breadcrumb\",\"itemListElement\":[{\"@type\":\"ListItem\",\"position\":1,\"name\":\"Accueil\",\"item\":\"https:\\\/\\\/www.herve-baume.com\\\/en\"},{\"@type\":\"ListItem\",\"position\":2,\"name\":\"Mentions l\u00e9gales\"}]},{\"@type\":\"WebSite\",\"@id\":\"https:\\\/\\\/www.herve-baume.com\\\/en#website\",\"url\":\"https:\\\/\\\/www.herve-baume.com\\\/en\",\"name\":\"HERVE BAUME\",\"description\":\"Un site utilisant WordPress\",\"publisher\":{\"@id\":\"https:\\\/\\\/www.herve-baume.com\\\/en#organization\"},\"potentialAction\":[{\"@type\":\"SearchAction\",\"target\":{\"@type\":\"EntryPoint\",\"urlTemplate\":\"https:\\\/\\\/www.herve-baume.com\\\/en?s={search_term_string}\"},\"query-input\":{\"@type\":\"PropertyValueSpecification\",\"valueRequired\":true,\"valueName\":\"search_term_string\"}}],\"inLanguage\":\"en-US\"},{\"@type\":\"Organization\",\"@id\":\"https:\\\/\\\/www.herve-baume.com\\\/en#organization\",\"name\":\"HERVE BAUME\",\"url\":\"https:\\\/\\\/www.herve-baume.com\\\/en\",\"logo\":{\"@type\":\"ImageObject\",\"inLanguage\":\"en-US\",\"@id\":\"https:\\\/\\\/www.herve-baume.com\\\/en#\\\/schema\\\/logo\\\/image\\\/\",\"url\":\"https:\\\/\\\/herve-baume.com\\\/img\\\/2022\\\/09\\\/Logo.png\",\"contentUrl\":\"https:\\\/\\\/herve-baume.com\\\/img\\\/2022\\\/09\\\/Logo.png\",\"width\":125,\"height\":61,\"caption\":\"HERVE BAUME\"},\"image\":{\"@id\":\"https:\\\/\\\/www.herve-baume.com\\\/en#\\\/schema\\\/logo\\\/image\\\/\"}}]}<\/script>\n<!-- \/ Yoast SEO plugin. -->","yoast_head_json":{"title":"Mentions l\u00e9gales - HERVE BAUME","description":"Read Herv\u00e9 Baume\u2019s legal notice: publisher, hosting provider, intellectual property and website terms of use.","robots":{"index":"index","follow":"follow","max-snippet":"max-snippet:-1","max-image-preview":"max-image-preview:large","max-video-preview":"max-video-preview:-1"},"canonical":"https:\/\/www.herve-baume.com\/en\/mentions-legales","og_locale":"en_US","og_type":"article","og_title":"Mentions l\u00e9gales - HERVE BAUME","og_description":"Read Herv\u00e9 Baume\u2019s legal notice: publisher, hosting provider, intellectual property and website terms of use.","og_url":"https:\/\/www.herve-baume.com\/en\/mentions-legales","og_site_name":"HERVE BAUME","article_modified_time":"2025-05-23T15:30:38+00:00","twitter_card":"summary_large_image","twitter_misc":{"Est. reading time":"1 minute"},"schema":{"@context":"https:\/\/schema.org","@graph":[{"@type":"WebPage","@id":"https:\/\/www.herve-baume.com\/en\/mentions-legales","url":"https:\/\/www.herve-baume.com\/en\/mentions-legales","name":"Mentions l\u00e9gales - HERVE BAUME","isPartOf":{"@id":"https:\/\/www.herve-baume.com\/en#website"},"datePublished":"2022-09-27T14:27:42+00:00","dateModified":"2025-05-23T15:30:38+00:00","description":"Read Herv\u00e9 Baume\u2019s legal notice: publisher, hosting provider, intellectual property and website terms of use.","breadcrumb":{"@id":"https:\/\/www.herve-baume.com\/en\/mentions-legales#breadcrumb"},"inLanguage":"en-US","potentialAction":[{"@type":"ReadAction","target":["https:\/\/www.herve-baume.com\/en\/mentions-legales"]}]},{"@type":"BreadcrumbList","@id":"https:\/\/www.herve-baume.com\/en\/mentions-legales#breadcrumb","itemListElement":[{"@type":"ListItem","position":1,"name":"Accueil","item":"https:\/\/www.herve-baume.com\/en"},{"@type":"ListItem","position":2,"name":"Mentions l\u00e9gales"}]},{"@type":"WebSite","@id":"https:\/\/www.herve-baume.com\/en#website","url":"https:\/\/www.herve-baume.com\/en","name":"HERVE BAUME","description":"Un site utilisant WordPress","publisher":{"@id":"https:\/\/www.herve-baume.com\/en#organization"},"potentialAction":[{"@type":"SearchAction","target":{"@type":"EntryPoint","urlTemplate":"https:\/\/www.herve-baume.com\/en?s={search_term_string}"},"query-input":{"@type":"PropertyValueSpecification","valueRequired":true,"valueName":"search_term_string"}}],"inLanguage":"en-US"},{"@type":"Organization","@id":"https:\/\/www.herve-baume.com\/en#organization","name":"HERVE BAUME","url":"https:\/\/www.herve-baume.com\/en","logo":{"@type":"ImageObject","inLanguage":"en-US","@id":"https:\/\/www.herve-baume.com\/en#\/schema\/logo\/image\/","url":"https:\/\/herve-baume.com\/img\/2022\/09\/Logo.png","contentUrl":"https:\/\/herve-baume.com\/img\/2022\/09\/Logo.png","width":125,"height":61,"caption":"HERVE BAUME"},"image":{"@id":"https:\/\/www.herve-baume.com\/en#\/schema\/logo\/image\/"}}]}},"_links":{"self":[{"href":"https:\/\/www.herve-baume.com\/en\/wp-json\/wp\/v2\/pages\/2120","targetHints":{"allow":["GET"]}}],"collection":[{"href":"https:\/\/www.herve-baume.com\/en\/wp-json\/wp\/v2\/pages"}],"about":[{"href":"https:\/\/www.herve-baume.com\/en\/wp-json\/wp\/v2\/types\/page"}],"author":[{"embeddable":true,"href":"https:\/\/www.herve-baume.com\/en\/wp-json\/wp\/v2\/users\/1"}],"replies":[{"embeddable":true,"href":"https:\/\/www.herve-baume.com\/en\/wp-json\/wp\/v2\/comments?post=2120"}],"version-history":[{"count":2,"href":"https:\/\/www.herve-baume.com\/en\/wp-json\/wp\/v2\/pages\/2120\/revisions"}],"predecessor-version":[{"id":2882,"href":"https:\/\/www.herve-baume.com\/en\/wp-json\/wp\/v2\/pages\/2120\/revisions\/2882"}],"wp:attachment":[{"href":"https:\/\/www.herve-baume.com\/en\/wp-json\/wp\/v2\/media?parent=2120"}],"curies":[{"name":"wp","href":"https:\/\/api.w.org\/{rel}","templated":true}]}}