{"id":2654,"date":"2024-01-19T16:43:43","date_gmt":"2024-01-19T15:43:43","guid":{"rendered":"https:\/\/www.herve-baume.com\/reportages\/mascarade"},"modified":"2025-05-23T17:41:10","modified_gmt":"2025-05-23T15:41:10","slug":"mascarade","status":"publish","type":"page","link":"https:\/\/www.herve-baume.com\/en\/reportages\/mascarade","title":{"rendered":"Mascarade"},"content":{"rendered":"<div class=\"wpb-content-wrapper\"><p>[vc_row full_width=\"stretch_row_content\" bg_type=\"image\" parallax_style=\"vcpb-vz-jquery\" bg_image_new=\"id^2522|url^https:\/\/herve-baume.com\/img\/2024\/01\/CDA31E1C-A847-4268-BA1C-D62B4D7D1963_1_105_c.jpeg|caption^null|alt^null|title^CDA31E1C-A847-4268-BA1C-D62B4D7D1963_1_105_c|description^null\" bg_image_repeat=\"no-repeat\"][vc_column]<div class=\"ult-spacer spacer-69e771cfa72f1\" data-id=\"69e771cfa72f1\" data-height=\"510\" data-height-mobile=\"510\" data-height-tab=\"510\" data-height-tab-portrait=\"\" data-height-mobile-landscape=\"\" style=\"clear:both;display:block;\"><\/div>[\/vc_column][\/vc_row][vc_row css_animation=\"fadeIn\"][vc_column]<div class=\"ult-spacer spacer-69e771cfa73d4\" data-id=\"69e771cfa73d4\" data-height=\"50\" data-height-mobile=\"50\" data-height-tab=\"50\" data-height-tab-portrait=\"\" data-height-mobile-landscape=\"\" style=\"clear:both;display:block;\"><\/div>[vc_custom_heading text=\"Tournage ``Mascarade``\" font_container=\"tag:h1|font_size:50px|text_align:center|line_height:60px\" use_theme_fonts=\"yes\"][vc_column_text]<\/p>\n<p style=\"text-align: center;\">Clin d'\u0153il et belle surprise, notre mobilier a \u00e9t\u00e9 s\u00e9lectionn\u00e9 par les \u00e9quipes du film \"Mascarade\" sortie en 2021.<\/p>\n<p>[\/vc_column_text]<div class=\"ult-spacer spacer-69e771cfa7460\" data-id=\"69e771cfa7460\" data-height=\"90\" data-height-mobile=\"45\" data-height-tab=\"\" data-height-tab-portrait=\"\" data-height-mobile-landscape=\"45\" style=\"clear:both;display:block;\"><\/div>[\/vc_column][\/vc_row][vc_row full_width=\"stretch_row\" equal_height=\"yes\" content_placement=\"middle\" css_animation=\"fadeIn\"][vc_column width=\"1\/2\" css=\".vc_custom_1665137963795{padding-right: 0px !important;padding-left: 0px !important;}\"]<div class=\"ult-spacer spacer-69e771cfa74c6\" data-id=\"69e771cfa74c6\" data-height=\"90\" data-height-mobile=\"0\" data-height-tab=\"\" data-height-tab-portrait=\"\" data-height-mobile-landscape=\"0\" style=\"clear:both;display:block;\"><\/div>[vc_row_inner][vc_column_inner width=\"1\/6\"][\/vc_column_inner][vc_column_inner el_class=\"h590\" width=\"2\/3\" css=\".vc_custom_1705679002285{background-image: url(https:\/\/herve-baume.com\/img\/2024\/01\/5F769FF8-9C42-4D95-BDE9-822673AD726F_1_105_c.jpeg?id=2508) !important;background-position: center !important;background-repeat: no-repeat !important;background-size: cover !important;}\"][\/vc_column_inner][vc_column_inner width=\"1\/6\"][\/vc_column_inner][\/vc_row_inner][\/vc_column][vc_column width=\"1\/2\"]<div class=\"ult-spacer spacer-69e771cfa7522\" data-id=\"69e771cfa7522\" data-height=\"0\" data-height-mobile=\"30\" data-height-tab=\"\" data-height-tab-portrait=\"\" data-height-mobile-landscape=\"30\" style=\"clear:both;display:block;\"><\/div>[vc_row_inner][vc_column_inner width=\"1\/6\"][\/vc_column_inner][vc_column_inner el_class=\"h590\" width=\"2\/3\" css=\".vc_custom_1705679874990{background-image: url(https:\/\/herve-baume.com\/img\/2024\/01\/8C1F304D-73E1-467D-B69B-A02C06C89880_1_105_c.jpeg?id=2510) !important;background-position: center !important;background-repeat: no-repeat !important;background-size: cover !important;}\"][\/vc_column_inner][vc_column_inner width=\"1\/6\"][\/vc_column_inner][\/vc_row_inner]<div class=\"ult-spacer spacer-69e771cfa7578\" data-id=\"69e771cfa7578\" data-height=\"130\" data-height-mobile=\"30\" data-height-tab=\"\" data-height-tab-portrait=\"\" data-height-mobile-landscape=\"30\" style=\"clear:both;display:block;\"><\/div>[\/vc_column][\/vc_row][vc_row full_width=\"stretch_row\" equal_height=\"yes\" content_placement=\"middle\" css_animation=\"fadeIn\"][vc_column width=\"1\/2\" css=\".vc_custom_1665137963795{padding-right: 0px !important;padding-left: 0px !important;}\"]<div class=\"ult-spacer spacer-69e771cfa75cd\" data-id=\"69e771cfa75cd\" data-height=\"150\" data-height-mobile=\"0\" data-height-tab=\"\" data-height-tab-portrait=\"\" data-height-mobile-landscape=\"0\" style=\"clear:both;display:block;\"><\/div>[vc_row_inner][vc_column_inner width=\"1\/6\"][\/vc_column_inner][vc_column_inner el_class=\"h590\" width=\"2\/3\" css=\".vc_custom_1705679175490{background-image: url(https:\/\/herve-baume.com\/img\/2024\/01\/3EAA644B-D4E0-4AF5-9A9E-39544EE15430_1_105_c.jpeg?id=2504) !important;background-position: center !important;background-repeat: no-repeat !important;background-size: cover !important;}\"][\/vc_column_inner][vc_column_inner width=\"1\/6\"][\/vc_column_inner][\/vc_row_inner][\/vc_column][vc_column width=\"1\/2\"]<div class=\"ult-spacer spacer-69e771cfa7662\" data-id=\"69e771cfa7662\" data-height=\"0\" data-height-mobile=\"30\" data-height-tab=\"\" data-height-tab-portrait=\"\" data-height-mobile-landscape=\"30\" style=\"clear:both;display:block;\"><\/div>[vc_row_inner][vc_column_inner width=\"1\/6\"][\/vc_column_inner][vc_column_inner el_class=\"h590\" width=\"2\/3\" css=\".vc_custom_1705679931064{background-image: url(https:\/\/herve-baume.com\/img\/2024\/01\/64D6B43C-B953-4915-A244-183270D8BA9C_1_105_c.jpeg?id=2514) !important;background-position: center !important;background-repeat: no-repeat !important;background-size: cover !important;}\"][\/vc_column_inner][vc_column_inner width=\"1\/6\"][\/vc_column_inner][\/vc_row_inner]<div class=\"ult-spacer spacer-69e771cfa76b9\" data-id=\"69e771cfa76b9\" data-height=\"90\" data-height-mobile=\"30\" data-height-tab=\"\" data-height-tab-portrait=\"\" data-height-mobile-landscape=\"30\" style=\"clear:both;display:block;\"><\/div>[\/vc_column][\/vc_row][vc_row full_width=\"stretch_row_content_no_spaces\" css_animation=\"fadeIn\"][vc_column]<div class=\"ult-spacer spacer-69e771cfa7708\" data-id=\"69e771cfa7708\" data-height=\"180\" data-height-mobile=\"0\" data-height-tab=\"\" data-height-tab-portrait=\"\" data-height-mobile-landscape=\"0\" style=\"clear:both;display:block;\"><\/div>[vc_single_image image=\"2507\" img_size=\"full\" alignment=\"center\" el_class=\"full-width\"]<div class=\"ult-spacer spacer-69e771cfa7757\" data-id=\"69e771cfa7757\" data-height=\"90\" data-height-mobile=\"0\" data-height-tab=\"\" data-height-tab-portrait=\"\" data-height-mobile-landscape=\"0\" style=\"clear:both;display:block;\"><\/div>[\/vc_column][\/vc_row][vc_row full_width=\"stretch_row\" equal_height=\"yes\" content_placement=\"middle\" css_animation=\"fadeIn\"][vc_column width=\"1\/2\" css=\".vc_custom_1665137963795{padding-right: 0px !important;padding-left: 0px !important;}\"]<div class=\"ult-spacer spacer-69e771cfa77a3\" data-id=\"69e771cfa77a3\" data-height=\"90\" data-height-mobile=\"0\" data-height-tab=\"\" data-height-tab-portrait=\"\" data-height-mobile-landscape=\"0\" style=\"clear:both;display:block;\"><\/div>[vc_row_inner][vc_column_inner width=\"1\/6\"][\/vc_column_inner][vc_column_inner el_class=\"h590\" width=\"2\/3\" css=\".vc_custom_1705680044313{background-image: url(https:\/\/herve-baume.com\/img\/2024\/01\/D9672DEA-257C-4A8D-A6A8-54A9B0DF2784_1_105_c.jpeg?id=2524) !important;background-position: center !important;background-repeat: no-repeat !important;background-size: cover !important;}\"][\/vc_column_inner][vc_column_inner width=\"1\/6\"][\/vc_column_inner][\/vc_row_inner][\/vc_column][vc_column width=\"1\/2\"]<div class=\"ult-spacer spacer-69e771cfa780b\" data-id=\"69e771cfa780b\" data-height=\"0\" data-height-mobile=\"30\" data-height-tab=\"\" data-height-tab-portrait=\"\" data-height-mobile-landscape=\"30\" style=\"clear:both;display:block;\"><\/div>[vc_row_inner][vc_column_inner width=\"1\/6\"][\/vc_column_inner][vc_column_inner el_class=\"h590\" width=\"2\/3\" css=\".vc_custom_1705680082564{background-image: url(https:\/\/herve-baume.com\/img\/2024\/01\/C9DF2AF5-61C2-43EA-9725-5409F120C10A_1_105_c.jpeg?id=2520) !important;background-position: center !important;background-repeat: no-repeat !important;background-size: cover !important;}\"][\/vc_column_inner][vc_column_inner width=\"1\/6\"][\/vc_column_inner][\/vc_row_inner]<div class=\"ult-spacer spacer-69e771cfa7870\" data-id=\"69e771cfa7870\" data-height=\"90\" data-height-mobile=\"0\" data-height-tab=\"\" data-height-tab-portrait=\"\" data-height-mobile-landscape=\"0\" style=\"clear:both;display:block;\"><\/div>[\/vc_column][\/vc_row][vc_row][vc_column]<div class=\"ult-spacer spacer-69e771cfa78b9\" data-id=\"69e771cfa78b9\" data-height=\"150\" data-height-mobile=\"45\" data-height-tab=\"\" data-height-tab-portrait=\"\" data-height-mobile-landscape=\"45\" style=\"clear:both;display:block;\"><\/div>[vc_separator color=\"black\"]<div class=\"ult-spacer spacer-69e771cfa7902\" data-id=\"69e771cfa7902\" data-height=\"90\" data-height-mobile=\"45\" data-height-tab=\"\" data-height-tab-portrait=\"\" data-height-mobile-landscape=\"45\" style=\"clear:both;display:block;\"><\/div>[\/vc_column][\/vc_row][vc_row equal_height=\"yes\"][vc_column width=\"1\/2\" offset=\"vc_hidden-sm vc_hidden-xs\"][vc_custom_heading text=\"\u2190 Previous\" font_container=\"tag:div|font_size:14px|text_align:center|line_height:17px\" use_theme_fonts=\"yes\" link=\"url:https%3A%2F%2Fherve-baume.com%2Fen%2Freportages%2Fmaison-albar-hotels|title:D%C3%AEner%20%C3%A0%20l%E2%80%99h%C3%B4tel|\"]<div class=\"ult-spacer spacer-69e771cfa7957\" data-id=\"69e771cfa7957\" data-height=\"50\" data-height-mobile=\"50\" data-height-tab=\"50\" data-height-tab-portrait=\"\" data-height-mobile-landscape=\"\" style=\"clear:both;display:block;\"><\/div>[vc_row_inner][vc_column_inner width=\"1\/6\"][\/vc_column_inner][vc_column_inner el_class=\"h590\" width=\"2\/3\" css=\".vc_custom_1671121872200{background-image: url(https:\/\/herve-baume.com\/img\/2022\/12\/Herve-Baume-Projet-Maison-Albar-Hotel.jpg?id=1626) !important;background-position: center !important;background-repeat: no-repeat !important;background-size: cover !important;}\"][vc_custom_heading text=\"Maison Albar Hotels\" font_container=\"tag:h3|font_size:50px|text_align:center|color:%23ffffff|line_height:60px\" use_theme_fonts=\"yes\" link=\"url:https%3A%2F%2Fherve-baume.com%2Fen%2Freportages%2Fmaison-albar-hotels|title:D%C3%AEner%20%C3%A0%20l%E2%80%99h%C3%B4tel|\"][\/vc_column_inner][vc_column_inner width=\"1\/6\"][\/vc_column_inner][\/vc_row_inner][\/vc_column][vc_column width=\"1\/2\" offset=\"vc_hidden-sm vc_hidden-xs\"][vc_custom_heading text=\"Next \u2192\" font_container=\"tag:div|font_size:14px|text_align:center|line_height:17px\" use_theme_fonts=\"yes\" link=\"url:https%3A%2F%2Fherve-baume.com%2Fen%2Freportages%2Fferme-du-passieu|title:D%C3%AEner%20%C3%A0%20l%E2%80%99h%C3%B4tel|\"]<div class=\"ult-spacer spacer-69e771cfa799c\" data-id=\"69e771cfa799c\" data-height=\"50\" data-height-mobile=\"50\" data-height-tab=\"50\" data-height-tab-portrait=\"\" data-height-mobile-landscape=\"\" style=\"clear:both;display:block;\"><\/div>[vc_row_inner][vc_column_inner width=\"1\/6\"][\/vc_column_inner][vc_column_inner el_class=\"h590\" width=\"2\/3\" css=\".vc_custom_1671122008232{background-image: url(https:\/\/herve-baume.com\/img\/2022\/12\/Herve-Baume-Projet-Ferme-du-Passieu.jpg?id=1630) !important;background-position: center !important;background-repeat: no-repeat !important;background-size: cover !important;}\"][vc_custom_heading text=\"Ferme du Passieu\" font_container=\"tag:h3|font_size:50px|text_align:center|color:%23ffffff|line_height:60px\" use_theme_fonts=\"yes\" link=\"url:https%3A%2F%2Fherve-baume.com%2Fen%2Freportages%2Fferme-du-passieu|title:D%C3%AEner%20%C3%A0%20l%E2%80%99h%C3%B4tel|\"][\/vc_column_inner][vc_column_inner width=\"1\/6\"][\/vc_column_inner][\/vc_row_inner][\/vc_column][\/vc_row][vc_row equal_height=\"yes\" el_class=\"align-horizontal\"][vc_column width=\"1\/2\" offset=\"vc_hidden-lg vc_hidden-md\"][vc_custom_heading text=\"\u2190 Previous\" font_container=\"tag:div|font_size:14px|text_align:center|line_height:17px\" use_theme_fonts=\"yes\" link=\"url:https%3A%2F%2Fherve-baume.com%2Fen%2Freportages%2Fmaison-albar-hotels|title:D%C3%AEner%20%C3%A0%20l%E2%80%99h%C3%B4tel|\"][\/vc_column][vc_column width=\"1\/2\" offset=\"vc_hidden-lg vc_hidden-md\"][vc_custom_heading text=\"Next \u2192\" font_container=\"tag:div|font_size:14px|text_align:center|line_height:17px\" use_theme_fonts=\"yes\" link=\"url:https%3A%2F%2Fherve-baume.com%2Fen%2Freportages%2Fferme-du-passieu|title:D%C3%AEner%20%C3%A0%20l%E2%80%99h%C3%B4tel|\"][\/vc_column][\/vc_row][vc_row][vc_column]<div class=\"ult-spacer spacer-69e771cfa79dd\" data-id=\"69e771cfa79dd\" data-height=\"50\" data-height-mobile=\"50\" data-height-tab=\"50\" data-height-tab-portrait=\"\" data-height-mobile-landscape=\"\" style=\"clear:both;display:block;\"><\/div>[\/vc_column][\/vc_row]<\/p>\n<\/div>","protected":false},"excerpt":{"rendered":"<p>[vc_row full_width=\"stretch_row_content\" bg_type=\"image\" parallax_style=\"vcpb-vz-jquery\" bg_image_new=\"id^2522|url^https:\/\/herve-baume.com\/img\/2024\/01\/CDA31E1C-A847-4268-BA1C-D62B4D7D1963_1_105_c.jpeg|caption^null|alt^null|title^CDA31E1C-A847-4268-BA1C-D62B4D7D1963_1_105_c|description^null\" bg_image_repeat=\"no-repeat\"][vc_column][\/vc_column][\/vc_row][vc_row css_animation=\"fadeIn\"][vc_column][vc_custom_heading text=\"Tournage ``Mascarade``\" font_container=\"tag:h1|font_size:50px|text_align:center|line_height:60px\" use_theme_fonts=\"yes\"][vc_column_text] Clin d'\u0153il et belle surprise, notre mobilier a \u00e9t\u00e9 s\u00e9lectionn\u00e9 par les \u00e9quipes du film \"Mascarade\" sortie en 2021. [\/vc_column_text][\/vc_column][\/vc_row][vc_row full_width=\"stretch_row\" equal_height=\"yes\" content_placement=\"middle\" css_animation=\"fadeIn\"][vc_column width=\"1\/2\" css=\".vc_custom_1665137963795{padding-right: 0px !important;padding-left: 0px !important;}\"][vc_row_inner][vc_column_inner width=\"1\/6\"][\/vc_column_inner][vc_column_inner el_class=\"h590\" width=\"2\/3\" css=\".vc_custom_1705679002285{background-image: url(https:\/\/herve-baume.com\/img\/2024\/01\/5F769FF8-9C42-4D95-BDE9-822673AD726F_1_105_c.jpeg?id=2508) !important;background-position: center !important;background-repeat: no-repeat !important;background-size: cover !important;}\"][\/vc_column_inner][vc_column_inner width=\"1\/6\"][\/vc_column_inner][\/vc_row_inner][\/vc_column][vc_column width=\"1\/2\"][vc_row_inner][vc_column_inner [&hellip;]<\/p>\n","protected":false},"author":4,"featured_media":0,"parent":1806,"menu_order":0,"comment_status":"closed","ping_status":"closed","template":"","meta":{"footnotes":""},"class_list":["post-2654","page","type-page","status-publish","hentry"],"yoast_head":"<!-- This site is optimized with the Yoast SEO plugin v27.3 - https:\/\/yoast.com\/product\/yoast-seo-wordpress\/ -->\n<title>Mascarade - HERVE BAUME<\/title>\n<meta name=\"description\" content=\"Mascarade: a poetic setting where Herv\u00e9 Baume\u2019s creations come alive in a theatrical composition blending artistic fantasy with handcrafted elegance.\" \/>\n<meta name=\"robots\" content=\"index, follow, max-snippet:-1, max-image-preview:large, max-video-preview:-1\" \/>\n<link rel=\"canonical\" href=\"https:\/\/www.herve-baume.com\/en\/reportages\/mascarade\" \/>\n<meta property=\"og:locale\" content=\"en_US\" \/>\n<meta property=\"og:type\" content=\"article\" \/>\n<meta property=\"og:title\" content=\"Mascarade - HERVE BAUME\" \/>\n<meta property=\"og:description\" content=\"Mascarade: a poetic setting where Herv\u00e9 Baume\u2019s creations come alive in a theatrical composition blending artistic fantasy with handcrafted elegance.\" \/>\n<meta property=\"og:url\" content=\"https:\/\/www.herve-baume.com\/en\/reportages\/mascarade\" \/>\n<meta property=\"og:site_name\" content=\"HERVE BAUME\" \/>\n<meta property=\"article:modified_time\" content=\"2025-05-23T15:41:10+00:00\" \/>\n<meta name=\"twitter:card\" content=\"summary_large_image\" \/>\n<meta name=\"twitter:label1\" content=\"Est. reading time\" \/>\n\t<meta name=\"twitter:data1\" content=\"3 minutes\" \/>\n<script type=\"application\/ld+json\" class=\"yoast-schema-graph\">{\"@context\":\"https:\\\/\\\/schema.org\",\"@graph\":[{\"@type\":\"WebPage\",\"@id\":\"https:\\\/\\\/www.herve-baume.com\\\/en\\\/reportages\\\/mascarade\",\"url\":\"https:\\\/\\\/www.herve-baume.com\\\/en\\\/reportages\\\/mascarade\",\"name\":\"Mascarade - HERVE BAUME\",\"isPartOf\":{\"@id\":\"https:\\\/\\\/www.herve-baume.com\\\/en#website\"},\"datePublished\":\"2024-01-19T15:43:43+00:00\",\"dateModified\":\"2025-05-23T15:41:10+00:00\",\"description\":\"Mascarade: a poetic setting where Herv\u00e9 Baume\u2019s creations come alive in a theatrical composition blending artistic fantasy with handcrafted elegance.\",\"breadcrumb\":{\"@id\":\"https:\\\/\\\/www.herve-baume.com\\\/en\\\/reportages\\\/mascarade#breadcrumb\"},\"inLanguage\":\"en-US\",\"potentialAction\":[{\"@type\":\"ReadAction\",\"target\":[\"https:\\\/\\\/www.herve-baume.com\\\/en\\\/reportages\\\/mascarade\"]}]},{\"@type\":\"BreadcrumbList\",\"@id\":\"https:\\\/\\\/www.herve-baume.com\\\/en\\\/reportages\\\/mascarade#breadcrumb\",\"itemListElement\":[{\"@type\":\"ListItem\",\"position\":1,\"name\":\"Accueil\",\"item\":\"https:\\\/\\\/www.herve-baume.com\\\/en\"},{\"@type\":\"ListItem\",\"position\":2,\"name\":\"Highlights\",\"item\":\"https:\\\/\\\/www.herve-baume.com\\\/en\\\/reportages\"},{\"@type\":\"ListItem\",\"position\":3,\"name\":\"Mascarade\"}]},{\"@type\":\"WebSite\",\"@id\":\"https:\\\/\\\/www.herve-baume.com\\\/en#website\",\"url\":\"https:\\\/\\\/www.herve-baume.com\\\/en\",\"name\":\"HERVE BAUME\",\"description\":\"Un site utilisant WordPress\",\"publisher\":{\"@id\":\"https:\\\/\\\/www.herve-baume.com\\\/en#organization\"},\"potentialAction\":[{\"@type\":\"SearchAction\",\"target\":{\"@type\":\"EntryPoint\",\"urlTemplate\":\"https:\\\/\\\/www.herve-baume.com\\\/en?s={search_term_string}\"},\"query-input\":{\"@type\":\"PropertyValueSpecification\",\"valueRequired\":true,\"valueName\":\"search_term_string\"}}],\"inLanguage\":\"en-US\"},{\"@type\":\"Organization\",\"@id\":\"https:\\\/\\\/www.herve-baume.com\\\/en#organization\",\"name\":\"HERVE BAUME\",\"url\":\"https:\\\/\\\/www.herve-baume.com\\\/en\",\"logo\":{\"@type\":\"ImageObject\",\"inLanguage\":\"en-US\",\"@id\":\"https:\\\/\\\/www.herve-baume.com\\\/en#\\\/schema\\\/logo\\\/image\\\/\",\"url\":\"https:\\\/\\\/herve-baume.com\\\/img\\\/2022\\\/09\\\/Logo.png\",\"contentUrl\":\"https:\\\/\\\/herve-baume.com\\\/img\\\/2022\\\/09\\\/Logo.png\",\"width\":125,\"height\":61,\"caption\":\"HERVE BAUME\"},\"image\":{\"@id\":\"https:\\\/\\\/www.herve-baume.com\\\/en#\\\/schema\\\/logo\\\/image\\\/\"}}]}<\/script>\n<!-- \/ Yoast SEO plugin. -->","yoast_head_json":{"title":"Mascarade - HERVE BAUME","description":"Mascarade: a poetic setting where Herv\u00e9 Baume\u2019s creations come alive in a theatrical composition blending artistic fantasy with handcrafted elegance.","robots":{"index":"index","follow":"follow","max-snippet":"max-snippet:-1","max-image-preview":"max-image-preview:large","max-video-preview":"max-video-preview:-1"},"canonical":"https:\/\/www.herve-baume.com\/en\/reportages\/mascarade","og_locale":"en_US","og_type":"article","og_title":"Mascarade - HERVE BAUME","og_description":"Mascarade: a poetic setting where Herv\u00e9 Baume\u2019s creations come alive in a theatrical composition blending artistic fantasy with handcrafted elegance.","og_url":"https:\/\/www.herve-baume.com\/en\/reportages\/mascarade","og_site_name":"HERVE BAUME","article_modified_time":"2025-05-23T15:41:10+00:00","twitter_card":"summary_large_image","twitter_misc":{"Est. reading time":"3 minutes"},"schema":{"@context":"https:\/\/schema.org","@graph":[{"@type":"WebPage","@id":"https:\/\/www.herve-baume.com\/en\/reportages\/mascarade","url":"https:\/\/www.herve-baume.com\/en\/reportages\/mascarade","name":"Mascarade - HERVE BAUME","isPartOf":{"@id":"https:\/\/www.herve-baume.com\/en#website"},"datePublished":"2024-01-19T15:43:43+00:00","dateModified":"2025-05-23T15:41:10+00:00","description":"Mascarade: a poetic setting where Herv\u00e9 Baume\u2019s creations come alive in a theatrical composition blending artistic fantasy with handcrafted elegance.","breadcrumb":{"@id":"https:\/\/www.herve-baume.com\/en\/reportages\/mascarade#breadcrumb"},"inLanguage":"en-US","potentialAction":[{"@type":"ReadAction","target":["https:\/\/www.herve-baume.com\/en\/reportages\/mascarade"]}]},{"@type":"BreadcrumbList","@id":"https:\/\/www.herve-baume.com\/en\/reportages\/mascarade#breadcrumb","itemListElement":[{"@type":"ListItem","position":1,"name":"Accueil","item":"https:\/\/www.herve-baume.com\/en"},{"@type":"ListItem","position":2,"name":"Highlights","item":"https:\/\/www.herve-baume.com\/en\/reportages"},{"@type":"ListItem","position":3,"name":"Mascarade"}]},{"@type":"WebSite","@id":"https:\/\/www.herve-baume.com\/en#website","url":"https:\/\/www.herve-baume.com\/en","name":"HERVE BAUME","description":"Un site utilisant WordPress","publisher":{"@id":"https:\/\/www.herve-baume.com\/en#organization"},"potentialAction":[{"@type":"SearchAction","target":{"@type":"EntryPoint","urlTemplate":"https:\/\/www.herve-baume.com\/en?s={search_term_string}"},"query-input":{"@type":"PropertyValueSpecification","valueRequired":true,"valueName":"search_term_string"}}],"inLanguage":"en-US"},{"@type":"Organization","@id":"https:\/\/www.herve-baume.com\/en#organization","name":"HERVE BAUME","url":"https:\/\/www.herve-baume.com\/en","logo":{"@type":"ImageObject","inLanguage":"en-US","@id":"https:\/\/www.herve-baume.com\/en#\/schema\/logo\/image\/","url":"https:\/\/herve-baume.com\/img\/2022\/09\/Logo.png","contentUrl":"https:\/\/herve-baume.com\/img\/2022\/09\/Logo.png","width":125,"height":61,"caption":"HERVE BAUME"},"image":{"@id":"https:\/\/www.herve-baume.com\/en#\/schema\/logo\/image\/"}}]}},"_links":{"self":[{"href":"https:\/\/www.herve-baume.com\/en\/wp-json\/wp\/v2\/pages\/2654","targetHints":{"allow":["GET"]}}],"collection":[{"href":"https:\/\/www.herve-baume.com\/en\/wp-json\/wp\/v2\/pages"}],"about":[{"href":"https:\/\/www.herve-baume.com\/en\/wp-json\/wp\/v2\/types\/page"}],"author":[{"embeddable":true,"href":"https:\/\/www.herve-baume.com\/en\/wp-json\/wp\/v2\/users\/4"}],"replies":[{"embeddable":true,"href":"https:\/\/www.herve-baume.com\/en\/wp-json\/wp\/v2\/comments?post=2654"}],"version-history":[{"count":5,"href":"https:\/\/www.herve-baume.com\/en\/wp-json\/wp\/v2\/pages\/2654\/revisions"}],"predecessor-version":[{"id":2897,"href":"https:\/\/www.herve-baume.com\/en\/wp-json\/wp\/v2\/pages\/2654\/revisions\/2897"}],"up":[{"embeddable":true,"href":"https:\/\/www.herve-baume.com\/en\/wp-json\/wp\/v2\/pages\/1806"}],"wp:attachment":[{"href":"https:\/\/www.herve-baume.com\/en\/wp-json\/wp\/v2\/media?parent=2654"}],"curies":[{"name":"wp","href":"https:\/\/api.w.org\/{rel}","templated":true}]}}