{"id":743,"date":"2022-09-29T11:13:28","date_gmt":"2022-09-29T09:13:28","guid":{"rendered":"https:\/\/hervebaume.peexprod.com\/homepage"},"modified":"2025-01-22T15:21:04","modified_gmt":"2025-01-22T14:21:04","slug":"homepage","status":"publish","type":"page","link":"https:\/\/www.herve-baume.com\/en","title":{"rendered":"Homepage"},"content":{"rendered":"<div class=\"wpb-content-wrapper\"><p>[vc_row full_width=\"stretch_row_content_no_spaces\" full_height=\"yes\" bg_type=\"video\" video_url=\"https:\/\/herve-baume.com\/img\/2025\/01\/video-2025-01-22-15.mp4\" video_opts=\"loop,muted\" css=\".vc_custom_1737555662361{margin-top: -192px !important;margin-right: 0px !important;margin-bottom: 0px !important;margin-left: 0px !important;border-top-width: 0px !important;border-right-width: 0px !important;border-bottom-width: 0px !important;border-left-width: 0px !important;padding-top: 0px !important;padding-right: 0px !important;padding-bottom: 0px !important;padding-left: 0px !important;background-position: center !important;background-repeat: no-repeat !important;background-size: cover !important;}\" el_class=\"back-black video-homepage\"][vc_column offset=\"vc_col-xs-12\" css=\".vc_custom_1675784481824{background-position: center !important;background-repeat: no-repeat !important;background-size: cover !important;}\"][vc_row_inner equal_height=\"yes\" css=\".vc_custom_1670927147801{margin-top: -168px !important;}\"][vc_column_inner width=\"1\/6\"][\/vc_column_inner][vc_column_inner el_class=\"button-homepage\" width=\"2\/3\"]<div class=\" vc_custom_1736425685477 ubtn-ctn-center \"><a class=\"ubtn-link ult-adjust-bottom-margin ubtn-center ubtn-custom \" href=\"https:\/\/herve-baume.com\/en\/art-of-living\" ><button type=\"button\" id=\"ubtn-4238\"  class=\"ubtn ult-adjust-bottom-margin ult-responsive ubtn-custom ubtn-fade-bg  none  ubtn-center   tooltip-69d28bdd68fac\"  data-hover=\"#000000\" data-border-color=\"#ffffff\" data-bg=\"rgba(0,0,0,0.01)\" data-hover-bg=\"#ffffff\" data-border-hover=\"rgba(255,255,255,0.01)\" data-shadow-hover=\"\" data-shadow-click=\"none\" data-shadow=\"\" data-shd-shadow=\"\"  data-ultimate-target='#ubtn-4238'  data-responsive-json-new='{\"font-size\":\"desktop:14px;\",\"line-height\":\"desktop:17px;\"}'  style=\"font-weight:normal;width:185px;min-height:39px;padding:px px;border-radius:15px;border-width:1px;border-color:#ffffff;border-style:solid;background: rgba(0,0,0,0.01);color: #ffffff;\"><span class=\"ubtn-hover\" style=\"background-color:#ffffff\"><\/span><span class=\"ubtn-data ubtn-text \" >View more<\/span><\/button><\/a><\/div>[\/vc_column_inner][vc_column_inner width=\"1\/6\"][\/vc_column_inner][\/vc_row_inner][\/vc_column][\/vc_row]<\/p>\n<\/div>","protected":false},"excerpt":{"rendered":"<p>[vc_row full_width=\"stretch_row_content_no_spaces\" full_height=\"yes\" bg_type=\"video\" video_url=\"https:\/\/herve-baume.com\/img\/2025\/01\/video-2025-01-22-15.mp4\" video_opts=\"loop,muted\" css=\".vc_custom_1737555662361{margin-top: -192px !important;margin-right: 0px !important;margin-bottom: 0px !important;margin-left: 0px !important;border-top-width: 0px !important;border-right-width: 0px !important;border-bottom-width: 0px !important;border-left-width: 0px !important;padding-top: 0px !important;padding-right: 0px !important;padding-bottom: 0px !important;padding-left: 0px !important;background-position: center !important;background-repeat: no-repeat !important;background-size: cover !important;}\" el_class=\"back-black video-homepage\"][vc_column offset=\"vc_col-xs-12\" css=\".vc_custom_1675784481824{background-position: center !important;background-repeat: no-repeat !important;background-size: cover !important;}\"][vc_row_inner equal_height=\"yes\" css=\".vc_custom_1670927147801{margin-top: -168px !important;}\"][vc_column_inner width=\"1\/6\"][\/vc_column_inner][vc_column_inner el_class=\"button-homepage\" width=\"2\/3\"][\/vc_column_inner][vc_column_inner width=\"1\/6\"][\/vc_column_inner][\/vc_row_inner][\/vc_column][\/vc_row]<\/p>\n","protected":false},"author":1,"featured_media":0,"parent":0,"menu_order":0,"comment_status":"closed","ping_status":"closed","template":"","meta":{"footnotes":""},"class_list":["post-743","page","type-page","status-publish","hentry"],"yoast_head":"<!-- This site is optimized with the Yoast SEO plugin v27.0 - https:\/\/yoast.com\/product\/yoast-seo-wordpress\/ -->\n<title>Herv\u00e9 Baume, mobilier en fer forg\u00e9 d&#039;exception depuis 1974<\/title>\n<meta name=\"description\" content=\"Depuis 1974, Herv\u00e9 Baume propose une des plus belle collection de mobilier en fer forg\u00e9 ; chaises, tables, fauteuils, lits de piscine et accessoires d&#039;exception.\" \/>\n<meta name=\"robots\" content=\"index, follow, max-snippet:-1, max-image-preview:large, max-video-preview:-1\" \/>\n<link rel=\"canonical\" href=\"https:\/\/www.herve-baume.com\/en\" \/>\n<meta property=\"og:locale\" content=\"en_US\" \/>\n<meta property=\"og:type\" content=\"article\" \/>\n<meta property=\"og:title\" content=\"Herv\u00e9 Baume, mobilier en fer forg\u00e9 d&#039;exception depuis 1974\" \/>\n<meta property=\"og:description\" content=\"Depuis 1974, Herv\u00e9 Baume propose une des plus belle collection de mobilier en fer forg\u00e9 ; chaises, tables, fauteuils, lits de piscine et accessoires d&#039;exception.\" \/>\n<meta property=\"og:url\" content=\"https:\/\/www.herve-baume.com\/en\" \/>\n<meta property=\"og:site_name\" content=\"HERVE BAUME\" \/>\n<meta property=\"article:modified_time\" content=\"2025-01-22T14:21:04+00:00\" \/>\n<meta name=\"twitter:card\" content=\"summary_large_image\" \/>\n<meta name=\"twitter:label1\" content=\"Est. reading time\" \/>\n\t<meta name=\"twitter:data1\" content=\"1 minute\" \/>\n<script type=\"application\/ld+json\" class=\"yoast-schema-graph\">{\"@context\":\"https:\/\/schema.org\",\"@graph\":[{\"@type\":\"WebPage\",\"@id\":\"https:\/\/www.herve-baume.com\/en\",\"url\":\"https:\/\/www.herve-baume.com\/en\",\"name\":\"Herv\u00e9 Baume, mobilier en fer forg\u00e9 d'exception depuis 1974\",\"isPartOf\":{\"@id\":\"https:\/\/www.herve-baume.com\/en#website\"},\"datePublished\":\"2022-09-29T09:13:28+00:00\",\"dateModified\":\"2025-01-22T14:21:04+00:00\",\"description\":\"Depuis 1974, Herv\u00e9 Baume propose une des plus belle collection de mobilier en fer forg\u00e9 ; chaises, tables, fauteuils, lits de piscine et accessoires d'exception.\",\"breadcrumb\":{\"@id\":\"https:\/\/www.herve-baume.com\/en#breadcrumb\"},\"inLanguage\":\"en-US\",\"potentialAction\":[{\"@type\":\"ReadAction\",\"target\":[\"https:\/\/www.herve-baume.com\/en\"]}]},{\"@type\":\"BreadcrumbList\",\"@id\":\"https:\/\/www.herve-baume.com\/en#breadcrumb\",\"itemListElement\":[{\"@type\":\"ListItem\",\"position\":1,\"name\":\"Accueil\",\"item\":\"https:\/\/www.herve-baume.com\/en\"},{\"@type\":\"ListItem\",\"position\":2,\"name\":\"Homepage\"}]},{\"@type\":\"WebSite\",\"@id\":\"https:\/\/www.herve-baume.com\/en#website\",\"url\":\"https:\/\/www.herve-baume.com\/en\",\"name\":\"HERVE BAUME\",\"description\":\"Un site utilisant WordPress\",\"publisher\":{\"@id\":\"https:\/\/www.herve-baume.com\/en#organization\"},\"potentialAction\":[{\"@type\":\"SearchAction\",\"target\":{\"@type\":\"EntryPoint\",\"urlTemplate\":\"https:\/\/www.herve-baume.com\/en?s={search_term_string}\"},\"query-input\":{\"@type\":\"PropertyValueSpecification\",\"valueRequired\":true,\"valueName\":\"search_term_string\"}}],\"inLanguage\":\"en-US\"},{\"@type\":\"Organization\",\"@id\":\"https:\/\/www.herve-baume.com\/en#organization\",\"name\":\"HERVE BAUME\",\"url\":\"https:\/\/www.herve-baume.com\/en\",\"logo\":{\"@type\":\"ImageObject\",\"inLanguage\":\"en-US\",\"@id\":\"https:\/\/www.herve-baume.com\/en#\/schema\/logo\/image\/\",\"url\":\"https:\/\/herve-baume.com\/img\/2022\/09\/Logo.png\",\"contentUrl\":\"https:\/\/herve-baume.com\/img\/2022\/09\/Logo.png\",\"width\":125,\"height\":61,\"caption\":\"HERVE BAUME\"},\"image\":{\"@id\":\"https:\/\/www.herve-baume.com\/en#\/schema\/logo\/image\/\"}}]}<\/script>\n<!-- \/ Yoast SEO plugin. -->","yoast_head_json":{"title":"Herv\u00e9 Baume, mobilier en fer forg\u00e9 d'exception depuis 1974","description":"Depuis 1974, Herv\u00e9 Baume propose une des plus belle collection de mobilier en fer forg\u00e9 ; chaises, tables, fauteuils, lits de piscine et accessoires d'exception.","robots":{"index":"index","follow":"follow","max-snippet":"max-snippet:-1","max-image-preview":"max-image-preview:large","max-video-preview":"max-video-preview:-1"},"canonical":"https:\/\/www.herve-baume.com\/en","og_locale":"en_US","og_type":"article","og_title":"Herv\u00e9 Baume, mobilier en fer forg\u00e9 d'exception depuis 1974","og_description":"Depuis 1974, Herv\u00e9 Baume propose une des plus belle collection de mobilier en fer forg\u00e9 ; chaises, tables, fauteuils, lits de piscine et accessoires d'exception.","og_url":"https:\/\/www.herve-baume.com\/en","og_site_name":"HERVE BAUME","article_modified_time":"2025-01-22T14:21:04+00:00","twitter_card":"summary_large_image","twitter_misc":{"Est. reading time":"1 minute"},"schema":{"@context":"https:\/\/schema.org","@graph":[{"@type":"WebPage","@id":"https:\/\/www.herve-baume.com\/en","url":"https:\/\/www.herve-baume.com\/en","name":"Herv\u00e9 Baume, mobilier en fer forg\u00e9 d'exception depuis 1974","isPartOf":{"@id":"https:\/\/www.herve-baume.com\/en#website"},"datePublished":"2022-09-29T09:13:28+00:00","dateModified":"2025-01-22T14:21:04+00:00","description":"Depuis 1974, Herv\u00e9 Baume propose une des plus belle collection de mobilier en fer forg\u00e9 ; chaises, tables, fauteuils, lits de piscine et accessoires d'exception.","breadcrumb":{"@id":"https:\/\/www.herve-baume.com\/en#breadcrumb"},"inLanguage":"en-US","potentialAction":[{"@type":"ReadAction","target":["https:\/\/www.herve-baume.com\/en"]}]},{"@type":"BreadcrumbList","@id":"https:\/\/www.herve-baume.com\/en#breadcrumb","itemListElement":[{"@type":"ListItem","position":1,"name":"Accueil","item":"https:\/\/www.herve-baume.com\/en"},{"@type":"ListItem","position":2,"name":"Homepage"}]},{"@type":"WebSite","@id":"https:\/\/www.herve-baume.com\/en#website","url":"https:\/\/www.herve-baume.com\/en","name":"HERVE BAUME","description":"Un site utilisant WordPress","publisher":{"@id":"https:\/\/www.herve-baume.com\/en#organization"},"potentialAction":[{"@type":"SearchAction","target":{"@type":"EntryPoint","urlTemplate":"https:\/\/www.herve-baume.com\/en?s={search_term_string}"},"query-input":{"@type":"PropertyValueSpecification","valueRequired":true,"valueName":"search_term_string"}}],"inLanguage":"en-US"},{"@type":"Organization","@id":"https:\/\/www.herve-baume.com\/en#organization","name":"HERVE BAUME","url":"https:\/\/www.herve-baume.com\/en","logo":{"@type":"ImageObject","inLanguage":"en-US","@id":"https:\/\/www.herve-baume.com\/en#\/schema\/logo\/image\/","url":"https:\/\/herve-baume.com\/img\/2022\/09\/Logo.png","contentUrl":"https:\/\/herve-baume.com\/img\/2022\/09\/Logo.png","width":125,"height":61,"caption":"HERVE BAUME"},"image":{"@id":"https:\/\/www.herve-baume.com\/en#\/schema\/logo\/image\/"}}]}},"_links":{"self":[{"href":"https:\/\/www.herve-baume.com\/en\/wp-json\/wp\/v2\/pages\/743","targetHints":{"allow":["GET"]}}],"collection":[{"href":"https:\/\/www.herve-baume.com\/en\/wp-json\/wp\/v2\/pages"}],"about":[{"href":"https:\/\/www.herve-baume.com\/en\/wp-json\/wp\/v2\/types\/page"}],"author":[{"embeddable":true,"href":"https:\/\/www.herve-baume.com\/en\/wp-json\/wp\/v2\/users\/1"}],"replies":[{"embeddable":true,"href":"https:\/\/www.herve-baume.com\/en\/wp-json\/wp\/v2\/comments?post=743"}],"version-history":[{"count":5,"href":"https:\/\/www.herve-baume.com\/en\/wp-json\/wp\/v2\/pages\/743\/revisions"}],"predecessor-version":[{"id":2868,"href":"https:\/\/www.herve-baume.com\/en\/wp-json\/wp\/v2\/pages\/743\/revisions\/2868"}],"wp:attachment":[{"href":"https:\/\/www.herve-baume.com\/en\/wp-json\/wp\/v2\/media?parent=743"}],"curies":[{"name":"wp","href":"https:\/\/api.w.org\/{rel}","templated":true}]}}